{"id":1985,"date":"2024-04-08T21:09:18","date_gmt":"2024-04-09T00:09:18","guid":{"rendered":"https:\/\/iovp.com.br\/s\/?page_id=1985"},"modified":"2024-05-12T18:46:05","modified_gmt":"2024-05-12T21:46:05","slug":"ortognatica-3","status":"publish","type":"page","link":"https:\/\/iovp.com.br\/s\/ortognatica-3\/","title":{"rendered":"ortogn\u00e1tica 3"},"content":{"rendered":"\n<section id=\"gm30dc0db\" class=\"wp-block-gutentor-m4 section-gm30dc0db gutentor-module gutentor-advanced-columns has-color-bg has-custom-bg\"><div class=\"grid-container\"><div class=\"grid-row\">\n<div id=\"col-gm89421c\" class=\"wp-block-gutentor-m4-col col-gm89421c gutentor-single-column  grid-lg-12 grid-md-12 grid-12\"><div id=\"section-gm89421c\" class=\"section-gm89421c gutentor-col-wrap\">\n<div id=\"section-g5bb124\" class=\"wp-block-gutentor-e1 section-g5bb124 gutentor-element gutentor-element-advanced-text text-align-center-desktop text-align-center-tablet text-align-center-mobile\"><div class=\"gutentor-text-wrap\"><h1 class=\"gutentor-text\">Ortogn\u00e1tica padr\u00e3o III<\/h1><\/div><\/div>\n\n\n\n<div id=\"section-gb1f918\" class=\"wp-block-gutentor-e1 section-gb1f918 gutentor-element gutentor-element-advanced-text text-align-center-desktop text-align-center-tablet text-align-center-mobile\"><div class=\"gutentor-text-wrap\"><h3 class=\"gutentor-text\">Casos Cl\u00ednicos<\/h3><\/div><\/div>\n\n\n\n<section id=\"gm2370661\" class=\"wp-block-gutentor-m4 section-gm2370661 gutentor-module gutentor-advanced-columns\"><div class=\"grid-container\"><div class=\"grid-row\">\n<div id=\"col-gm577fb4\" class=\"wp-block-gutentor-m4-col col-gm577fb4 gutentor-single-column  grid-lg-6 grid-md-6 grid-12\"><div id=\"section-gm577fb4\" class=\"section-gm577fb4 gutentor-col-wrap\">\n\t\t\t\n\t<style type=\"text\/css\">\n\t\t.slider-info-2271.bafg-slider-info .bafg-slider-title {\n\t\t\t\t\t\t\tfont-size:\n\t\t\t\t\t22px\t\t\t\t;\n\t\t\t\n\t\t\t\n\t\t\t\t\t}\n\n\t\t.slider-info-2271.bafg-slider-info .bafg-slider-description {\n\t\t\t\n\t\t\t\n\t\t\t\t\t}\n\t\t\n\t\t\n\t\t.slider-info-2271.bafg-slider-info .bafg_slider_readmore_button {\n\t\t\t\n\t\t\t\n\t\t\t\n\t\t\t\n\t\t\t\n\t\t\ttext-align: center;\n\n\t\t\t\n\t\t\t\n\t\t\t\n\t\t\t\n\t\t\t\t\t}\n\n\t\t.slider-info-2271.bafg-slider-info .bafg_slider_readmore_button:hover {\n\n\t\t\t\n\t\t\t\n\t\t\t\t\t}\n\t<\/style>\n\t\n\t\t\t<div class=\"bafg-twentytwenty-container slider-2271  \"\n\t\t\t\tbafg-orientation=\"horizontal\" bafg-default-offset=\"0.5\"\n\t\t\t\tbafg-before-label=\"Antes\"\n\t\t\t\tbafg-after-label=\"Depois\" bafg-overlay=\"1\"\n\t\t\t\tbafg-move-slider-on-hover=\"\"\n\t\t\t\tbafg-click-to-move=\"\">\n\n\t\t\t\t\t\t\t\t<img class=\"skip-lazy\" data-skip-lazy\t\t\t\t\tsrc=\"https:\/\/iovp.com.br\/s\/wp-content\/uploads\/2024\/05\/p3-01.jpg\" alt=\"\">\n\t\t\t\t<img class=\"skip-lazy\" data-skip-lazy\t\t\t\t\tsrc=\"https:\/\/iovp.com.br\/s\/wp-content\/uploads\/2024\/05\/p3-02.jpg\" alt=\"\">\n\n\t\t\t<\/div>\n\n\t\t\t\t<div class=\"bafg-slider-info-wraper\">\n\t\t<div style=\"\" class=\"slider-info-2271 bafg-slider-info\">\n\t\t\t\t\t<\/div>\n\t<\/div>\n\t\n\t\t\t<style type=\"text\/css\">\n\t\t\t\t\t\t\t\t\t\t\t<\/style>\n\t\t\t\n<\/div><\/div>\n\n\n\n<div id=\"col-gm21a9e8\" class=\"wp-block-gutentor-m4-col col-gm21a9e8 gutentor-single-column  grid-lg-6 grid-md-6 grid-12\"><div id=\"section-gm21a9e8\" class=\"section-gm21a9e8 gutentor-col-wrap\">\n\t\t\t\n\t<style type=\"text\/css\">\n\t\t.slider-info-2275.bafg-slider-info .bafg-slider-title {\n\t\t\t\t\t\t\tfont-size:\n\t\t\t\t\t22px\t\t\t\t;\n\t\t\t\n\t\t\t\n\t\t\t\t\t}\n\n\t\t.slider-info-2275.bafg-slider-info .bafg-slider-description {\n\t\t\t\n\t\t\t\n\t\t\t\t\t}\n\t\t\n\t\t\n\t\t.slider-info-2275.bafg-slider-info .bafg_slider_readmore_button {\n\t\t\t\n\t\t\t\n\t\t\t\n\t\t\t\n\t\t\t\n\t\t\ttext-align: center;\n\n\t\t\t\n\t\t\t\n\t\t\t\n\t\t\t\n\t\t\t\t\t}\n\n\t\t.slider-info-2275.bafg-slider-info .bafg_slider_readmore_button:hover {\n\n\t\t\t\n\t\t\t\n\t\t\t\t\t}\n\t<\/style>\n\t\n\t\t\t<div class=\"bafg-twentytwenty-container slider-2275  \"\n\t\t\t\tbafg-orientation=\"horizontal\" bafg-default-offset=\"0.5\"\n\t\t\t\tbafg-before-label=\"Antes\"\n\t\t\t\tbafg-after-label=\"Depois\" bafg-overlay=\"1\"\n\t\t\t\tbafg-move-slider-on-hover=\"\"\n\t\t\t\tbafg-click-to-move=\"\">\n\n\t\t\t\t\t\t\t\t<img class=\"skip-lazy\" data-skip-lazy\t\t\t\t\tsrc=\"https:\/\/iovp.com.br\/s\/wp-content\/uploads\/2024\/05\/p3-03.jpg\" alt=\"\">\n\t\t\t\t<img class=\"skip-lazy\" data-skip-lazy\t\t\t\t\tsrc=\"https:\/\/iovp.com.br\/s\/wp-content\/uploads\/2024\/05\/p3-04.jpg\" alt=\"\">\n\n\t\t\t<\/div>\n\n\t\t\t\t<div class=\"bafg-slider-info-wraper\">\n\t\t<div style=\"\" class=\"slider-info-2275 bafg-slider-info\">\n\t\t\t\t\t<\/div>\n\t<\/div>\n\t\n\t\t\t<style type=\"text\/css\">\n\t\t\t\t\t\t\t\t\t\t\t<\/style>\n\t\t\t\n<\/div><\/div>\n<\/div><\/div><\/section>\n\n\n\n<div id=\"section-gc9c715\" class=\"wp-block-gutentor-e1 section-gc9c715 gutentor-element gutentor-element-advanced-text text-align-center-desktop text-align-center-tablet text-align-center-mobile\"><div class=\"gutentor-text-wrap\"><h2 class=\"gutentor-text\">Cirurgia Ortogn\u00e1tica em Pacientes com Padr\u00e3o Facial III<\/h2><\/div><\/div>\n\n\n\n<div id=\"section-gb81b14\" class=\"wp-block-gutentor-e1 section-gb81b14 gutentor-element gutentor-element-advanced-text\"><div class=\"gutentor-text-wrap\"><p class=\"gutentor-text\">A cirurgia ortogn\u00e1tica para corre\u00e7\u00e3o do padr\u00e3o facial III esta entre as mais frequentes que s\u00e3o realizadas. Isto deve-se ao fato que o perfil destes pacientes chamam mais a aten\u00e7\u00e3o das pessoas de uma forma geral, sendo \u201cconsiderados\u201d mais desarm\u00f4nicos que o perfil do padr\u00e3o facial II, quando estamos falando de deformidades de menor propor\u00e7\u00e3o ou moderadas (Veja o artigo publicado aqui no m\u00eas de mar\u00e7o no nosso blog sobre o padr\u00e3o facial II).<\/p><\/div><\/div>\n\n\n\n<div id=\"section-gdb4403\" class=\"wp-block-gutentor-e6 section-gdb4403 gutentor-element gutentor-element-image\"><div class=\"gutentor-element-image-box\"><div class=\"gutentor-image-thumb\"><img decoding=\"async\" class=\"normal-image\" src=\"https:\/\/iovp.com.br\/s\/wp-content\/uploads\/2024\/05\/ortognatica3d.jpg\" \/><\/div><\/div><\/div>\n\n\n\n<div id=\"section-g94e5b3\" class=\"wp-block-gutentor-e6 section-g94e5b3 gutentor-element gutentor-element-image\"><div class=\"gutentor-element-image-box\"><div class=\"gutentor-image-thumb\"><img decoding=\"async\" class=\"normal-image\" src=\"https:\/\/iovp.com.br\/s\/wp-content\/uploads\/2024\/05\/ortognatica3a.jpg\" alt=\"Ortogn\u00e1tica Padr\u00e3o 3\" \/><\/div><\/div><\/div>\n\n\n\n<div id=\"section-g543122\" class=\"wp-block-gutentor-e1 section-g543122 gutentor-element gutentor-element-advanced-text text-align-justify-desktop text-align-justify-tablet text-align-justify-mobile\"><div class=\"gutentor-text-wrap\"><p class=\"gutentor-text\">Por\u00e9m, em deformidades mais significativas ou maiores, tanto o padr\u00e3o facial II quanto o padr\u00e3o facial III constituem uma condi\u00e7\u00e3o que incomoda bastante os pacientes no aspecto est\u00e9tico.<br><br>Uma situa\u00e7\u00e3o muito comum em pacientes com padr\u00e3o facial III \u00e9 os pacientes acharem que o problema esta localizado na mand\u00edbula (maxilar inferior), ou seja, que a mand\u00edbula \u00e9 muito \u201cgrande\u201d. <br><br>Isto pode acontecer, mas a grande maioria destes pacientes apresentam, na verdade, uma falta de crescimento da maxila (maxilar superior), podendo tamb\u00e9m ocorrer uma combina\u00e7\u00e3o de excesso de crescimento da mand\u00edbula com defici\u00eancia de crescimento da maxila.<\/p><\/div><\/div>\n<\/div><\/div>\n<\/div><\/div><\/section>\n","protected":false},"excerpt":{"rendered":"","protected":false},"author":2,"featured_media":0,"parent":0,"menu_order":0,"comment_status":"closed","ping_status":"closed","template":"","meta":{"_crdt_document":"","inline_featured_image":false,"_uag_custom_page_level_css":"","site-sidebar-layout":"default","site-content-layout":"","ast-site-content-layout":"full-width-container","site-content-style":"unboxed","site-sidebar-style":"default","ast-global-header-display":"","ast-banner-title-visibility":"","ast-main-header-display":"","ast-hfb-above-header-display":"","ast-hfb-below-header-display":"","ast-hfb-mobile-header-display":"","site-post-title":"disabled","ast-breadcrumbs-content":"","ast-featured-img":"","footer-sml-layout":"","ast-disable-related-posts":"","theme-transparent-header-meta":"","adv-header-id-meta":"","stick-header-meta":"","header-above-stick-meta":"","header-main-stick-meta":"","header-below-stick-meta":"","astra-migrate-meta-layouts":"set","ast-page-background-enabled":"default","ast-page-background-meta":{"desktop":{"background-color":"var(--ast-global-color-4)","background-image":"","background-repeat":"repeat","background-position":"center center","background-size":"auto","background-attachment":"scroll","background-type":"","background-media":"","overlay-type":"","overlay-color":"","overlay-opacity":"","overlay-gradient":""},"tablet":{"background-color":"","background-image":"","background-repeat":"repeat","background-position":"center center","background-size":"auto","background-attachment":"scroll","background-type":"","background-media":"","overlay-type":"","overlay-color":"","overlay-opacity":"","overlay-gradient":""},"mobile":{"background-color":"","background-image":"","background-repeat":"repeat","background-position":"center center","background-size":"auto","background-attachment":"scroll","background-type":"","background-media":"","overlay-type":"","overlay-color":"","overlay-opacity":"","overlay-gradient":""}},"ast-content-background-meta":{"desktop":{"background-color":"var(--ast-global-color-5)","background-image":"","background-repeat":"repeat","background-position":"center center","background-size":"auto","background-attachment":"scroll","background-type":"","background-media":"","overlay-type":"","overlay-color":"","overlay-opacity":"","overlay-gradient":""},"tablet":{"background-color":"var(--ast-global-color-5)","background-image":"","background-repeat":"repeat","background-position":"center center","background-size":"auto","background-attachment":"scroll","background-type":"","background-media":"","overlay-type":"","overlay-color":"","overlay-opacity":"","overlay-gradient":""},"mobile":{"background-color":"var(--ast-global-color-5)","background-image":"","background-repeat":"repeat","background-position":"center center","background-size":"auto","background-attachment":"scroll","background-type":"","background-media":"","overlay-type":"","overlay-color":"","overlay-opacity":"","overlay-gradient":""}},"footnotes":""},"class_list":["post-1985","page","type-page","status-publish","hentry"],"uagb_featured_image_src":{"full":false,"thumbnail":false,"medium":false,"medium_large":false,"large":false,"1536x1536":false,"2048x2048":false},"uagb_author_info":{"display_name":"Sidnei Diniz","author_link":"https:\/\/iovp.com.br\/s\/author\/diniz\/"},"uagb_comment_info":0,"uagb_excerpt":null,"_links":{"self":[{"href":"https:\/\/iovp.com.br\/s\/wp-json\/wp\/v2\/pages\/1985","targetHints":{"allow":["GET"]}}],"collection":[{"href":"https:\/\/iovp.com.br\/s\/wp-json\/wp\/v2\/pages"}],"about":[{"href":"https:\/\/iovp.com.br\/s\/wp-json\/wp\/v2\/types\/page"}],"author":[{"embeddable":true,"href":"https:\/\/iovp.com.br\/s\/wp-json\/wp\/v2\/users\/2"}],"replies":[{"embeddable":true,"href":"https:\/\/iovp.com.br\/s\/wp-json\/wp\/v2\/comments?post=1985"}],"version-history":[{"count":15,"href":"https:\/\/iovp.com.br\/s\/wp-json\/wp\/v2\/pages\/1985\/revisions"}],"predecessor-version":[{"id":2297,"href":"https:\/\/iovp.com.br\/s\/wp-json\/wp\/v2\/pages\/1985\/revisions\/2297"}],"wp:attachment":[{"href":"https:\/\/iovp.com.br\/s\/wp-json\/wp\/v2\/media?parent=1985"}],"curies":[{"name":"wp","href":"https:\/\/api.w.org\/{rel}","templated":true}]}}