{"id":1975,"date":"2024-04-08T20:39:08","date_gmt":"2024-04-08T23:39:08","guid":{"rendered":"https:\/\/iovp.com.br\/s\/?page_id=1975"},"modified":"2024-04-26T21:16:56","modified_gmt":"2024-04-27T00:16:56","slug":"ortognatica-2","status":"publish","type":"page","link":"https:\/\/iovp.com.br\/s\/ortognatica-2\/","title":{"rendered":"ortogn\u00e1tica 2"},"content":{"rendered":"\n<section id=\"gmb48f805\" class=\"wp-block-gutentor-m4 section-gmb48f805 gutentor-module gutentor-advanced-columns has-color-bg has-custom-bg\"><div class=\"grid-container\"><div class=\"grid-row\">\n<div id=\"col-gm095109\" class=\"wp-block-gutentor-m4-col col-gm095109 gutentor-single-column  grid-lg-12 grid-md-12 grid-12\"><div id=\"section-gm095109\" class=\"section-gm095109 gutentor-col-wrap\">\n<div id=\"section-g6812be\" class=\"wp-block-gutentor-e1 section-g6812be gutentor-element gutentor-element-advanced-text text-align-center-desktop text-align-center-tablet text-align-center-mobile\"><div class=\"gutentor-text-wrap\"><h1 class=\"gutentor-text\">Ortogn\u00e1tica padr\u00e3o II<\/h1><\/div><\/div>\n\n\n\n<div id=\"section-gc72ba9\" class=\"wp-block-gutentor-e1 section-gc72ba9 gutentor-element gutentor-element-advanced-text text-align-center-desktop text-align-center-tablet text-align-center-mobile\"><div class=\"gutentor-text-wrap\"><h3 class=\"gutentor-text\">Casos Cl\u00ednicos<\/h3><\/div><\/div>\n\n\n\n<section id=\"gm579f1f4\" class=\"wp-block-gutentor-m4 section-gm579f1f4 gutentor-module gutentor-advanced-columns wow zoomIn\" data-wow-animation=\"zoomIn\" data-wow-iteration=\"1\"><div class=\"grid-container\"><div class=\"grid-row\">\n<div id=\"col-gme89ce7\" class=\"wp-block-gutentor-m4-col col-gme89ce7 gutentor-single-column  grid-lg-4 grid-md-4 grid-12\"><div id=\"section-gme89ce7\" class=\"section-gme89ce7 gutentor-col-wrap\">\n<section id=\"g6f4f77\" class=\"wp-block-gutentor-m9 section-g6f4f77 gutentor-module gutentor-module-form-wrapper\"><div class=\"grid-container\">\n\t\t\t\n\t<style type=\"text\/css\">\n\t\t.slider-info-2249.bafg-slider-info .bafg-slider-title {\n\t\t\t\t\t\t\tfont-size:\n\t\t\t\t\t22px\t\t\t\t;\n\t\t\t\n\t\t\t\n\t\t\t\t\t}\n\n\t\t.slider-info-2249.bafg-slider-info .bafg-slider-description {\n\t\t\t\n\t\t\t\n\t\t\t\t\t}\n\t\t\n\t\t\n\t\t.slider-info-2249.bafg-slider-info .bafg_slider_readmore_button {\n\t\t\t\n\t\t\t\n\t\t\t\n\t\t\t\n\t\t\t\n\t\t\ttext-align: center;\n\n\t\t\t\n\t\t\t\n\t\t\t\n\t\t\t\n\t\t\t\t\t}\n\n\t\t.slider-info-2249.bafg-slider-info .bafg_slider_readmore_button:hover {\n\n\t\t\t\n\t\t\t\n\t\t\t\t\t}\n\t<\/style>\n\t\n\t\t\t<div class=\"bafg-twentytwenty-container slider-2249  \"\n\t\t\t\tbafg-orientation=\"horizontal\" bafg-default-offset=\"0.5\"\n\t\t\t\tbafg-before-label=\"Antes\"\n\t\t\t\tbafg-after-label=\"Depois\" bafg-overlay=\"1\"\n\t\t\t\tbafg-move-slider-on-hover=\"\"\n\t\t\t\tbafg-click-to-move=\"\">\n\n\t\t\t\t\t\t\t\t<img class=\"skip-lazy\" data-skip-lazy\t\t\t\t\tsrc=\"https:\/\/iovp.com.br\/s\/wp-content\/uploads\/2024\/04\/p2-01.jpg\" alt=\"Pr\u00e9-Operat\u00f3rio\">\n\t\t\t\t<img class=\"skip-lazy\" data-skip-lazy\t\t\t\t\tsrc=\"https:\/\/iovp.com.br\/s\/wp-content\/uploads\/2024\/04\/p2-02.jpg\" alt=\"P\u00f3s-Operat\u00f3rio\">\n\n\t\t\t<\/div>\n\n\t\t\t\t<div class=\"bafg-slider-info-wraper\">\n\t\t<div style=\"\" class=\"slider-info-2249 bafg-slider-info\">\n\t\t\t\t\t<\/div>\n\t<\/div>\n\t\n\t\t\t<style type=\"text\/css\">\n\t\t\t\t\t\t\t\t\t\t\t<\/style>\n\t\t\t<\/div><\/section>\n<\/div><\/div>\n\n\n\n<div id=\"col-gma29251\" class=\"wp-block-gutentor-m4-col col-gma29251 gutentor-single-column  grid-lg-4 grid-md-4 grid-12\"><div id=\"section-gma29251\" class=\"section-gma29251 gutentor-col-wrap\">\n<section id=\"gc447aa\" class=\"wp-block-gutentor-m9 section-gc447aa gutentor-module gutentor-module-form-wrapper\"><div class=\"grid-container\">\n\t\t\t\n\t<style type=\"text\/css\">\n\t\t.slider-info-2258.bafg-slider-info .bafg-slider-title {\n\t\t\t\t\t\t\tfont-size:\n\t\t\t\t\t22px\t\t\t\t;\n\t\t\t\n\t\t\t\n\t\t\t\t\t}\n\n\t\t.slider-info-2258.bafg-slider-info .bafg-slider-description {\n\t\t\t\n\t\t\t\n\t\t\t\t\t}\n\t\t\n\t\t\n\t\t.slider-info-2258.bafg-slider-info .bafg_slider_readmore_button {\n\t\t\t\n\t\t\t\n\t\t\t\n\t\t\t\n\t\t\t\n\t\t\ttext-align: center;\n\n\t\t\t\n\t\t\t\n\t\t\t\n\t\t\t\n\t\t\t\t\t}\n\n\t\t.slider-info-2258.bafg-slider-info .bafg_slider_readmore_button:hover {\n\n\t\t\t\n\t\t\t\n\t\t\t\t\t}\n\t<\/style>\n\t\n\t\t\t<div class=\"bafg-twentytwenty-container slider-2258  \"\n\t\t\t\tbafg-orientation=\"horizontal\" bafg-default-offset=\"0.5\"\n\t\t\t\tbafg-before-label=\"Antes\"\n\t\t\t\tbafg-after-label=\"Depois\" bafg-overlay=\"1\"\n\t\t\t\tbafg-move-slider-on-hover=\"\"\n\t\t\t\tbafg-click-to-move=\"\">\n\n\t\t\t\t\t\t\t\t<img class=\"skip-lazy\" data-skip-lazy\t\t\t\t\tsrc=\"https:\/\/iovp.com.br\/s\/wp-content\/uploads\/2024\/04\/p2-03.jpg\" alt=\"Pr\u00e9-Operat\u00f3rio\">\n\t\t\t\t<img class=\"skip-lazy\" data-skip-lazy\t\t\t\t\tsrc=\"https:\/\/iovp.com.br\/s\/wp-content\/uploads\/2024\/04\/p2-04.jpg\" alt=\"P\u00f3s-Operat\u00f3rio\">\n\n\t\t\t<\/div>\n\n\t\t\t\t<div class=\"bafg-slider-info-wraper\">\n\t\t<div style=\"\" class=\"slider-info-2258 bafg-slider-info\">\n\t\t\t\t\t<\/div>\n\t<\/div>\n\t\n\t\t\t<style type=\"text\/css\">\n\t\t\t\t\t\t\t\t\t\t\t<\/style>\n\t\t\t<\/div><\/section>\n<\/div><\/div>\n\n\n\n<div id=\"col-gm94fe67\" class=\"wp-block-gutentor-m4-col col-gm94fe67 gutentor-single-column  grid-lg-4 grid-md-4 grid-12\"><div id=\"section-gm94fe67\" class=\"section-gm94fe67 gutentor-col-wrap\">\n<section id=\"gccb97b\" class=\"wp-block-gutentor-m9 section-gccb97b gutentor-module gutentor-module-form-wrapper\"><div class=\"grid-container\">\n\t\t\t\n\t<style type=\"text\/css\">\n\t\t.slider-info-2259.bafg-slider-info .bafg-slider-title {\n\t\t\t\t\t\t\tfont-size:\n\t\t\t\t\t22px\t\t\t\t;\n\t\t\t\n\t\t\t\n\t\t\t\t\t}\n\n\t\t.slider-info-2259.bafg-slider-info .bafg-slider-description {\n\t\t\t\n\t\t\t\n\t\t\t\t\t}\n\t\t\n\t\t\n\t\t.slider-info-2259.bafg-slider-info .bafg_slider_readmore_button {\n\t\t\t\n\t\t\t\n\t\t\t\n\t\t\t\n\t\t\t\n\t\t\ttext-align: center;\n\n\t\t\t\n\t\t\t\n\t\t\t\n\t\t\t\n\t\t\t\t\t}\n\n\t\t.slider-info-2259.bafg-slider-info .bafg_slider_readmore_button:hover {\n\n\t\t\t\n\t\t\t\n\t\t\t\t\t}\n\t<\/style>\n\t\n\t\t\t<div class=\"bafg-twentytwenty-container slider-2259  \"\n\t\t\t\tbafg-orientation=\"horizontal\" bafg-default-offset=\"0.5\"\n\t\t\t\tbafg-before-label=\"Antes\"\n\t\t\t\tbafg-after-label=\"Depois\" bafg-overlay=\"1\"\n\t\t\t\tbafg-move-slider-on-hover=\"\"\n\t\t\t\tbafg-click-to-move=\"\">\n\n\t\t\t\t\t\t\t\t<img class=\"skip-lazy\" data-skip-lazy\t\t\t\t\tsrc=\"https:\/\/iovp.com.br\/s\/wp-content\/uploads\/2024\/04\/p2-05.jpg\" alt=\"Pr\u00e9-Operat\u00f3rio\">\n\t\t\t\t<img class=\"skip-lazy\" data-skip-lazy\t\t\t\t\tsrc=\"https:\/\/iovp.com.br\/s\/wp-content\/uploads\/2024\/04\/p2-06.jpg\" alt=\"P\u00f3s-Operat\u00f3rio\">\n\n\t\t\t<\/div>\n\n\t\t\t\t<div class=\"bafg-slider-info-wraper\">\n\t\t<div style=\"\" class=\"slider-info-2259 bafg-slider-info\">\n\t\t\t\t\t<\/div>\n\t<\/div>\n\t\n\t\t\t<style type=\"text\/css\">\n\t\t\t\t\t\t\t\t\t\t\t<\/style>\n\t\t\t<\/div><\/section>\n<\/div><\/div>\n<\/div><\/div><\/section>\n\n\n\n<div id=\"section-ge56200\" class=\"wp-block-gutentor-e1 section-ge56200 gutentor-element gutentor-element-advanced-text text-align-center-desktop text-align-center-tablet text-align-center-mobile\"><div class=\"gutentor-text-wrap\"><h2 class=\"gutentor-text\">Cirurgia Ortogn\u00e1tica em Pacientes com Padr\u00e3o Facial II<\/h2><\/div><\/div>\n\n\n\n<div id=\"section-ge094b5\" class=\"wp-block-gutentor-e1 section-ge094b5 gutentor-element gutentor-element-advanced-text text-align-justify-desktop text-align-justify-tablet text-align-justify-mobile\"><div class=\"gutentor-text-wrap\"><p class=\"gutentor-text\">Cirurgia ortogn\u00e1tica em pacientes com padr\u00e3o facial II \u00e9 uma das mais comuns de serem realizadas. Outra bastante comum \u00e9 em pacientes com padr\u00e3o facial III, mas esta ser\u00e1 assunto para o pr\u00f3ximo m\u00eas. A deformidade dentofacial representada pelo padr\u00e3o facial II, caracteriza-se principalmente pela defici\u00eancia de crescimento antero-posterior da mand\u00edbula (maxilar inferior). O paciente pode apresentar em muitos casos uma face longa, sorriso gengival e um estreitamento das vias a\u00e9reas; local este por onde o ar passa para chegar aos pulm\u00f5es, que com o passar do tempo (em geral ap\u00f3s os 40 anos de idade), este estreitamento pode ser causa de roncos e\/ou apneias obstrutiva do sono.<\/p><\/div><\/div>\n\n\n\n<div id=\"section-g7a9edc\" class=\"wp-block-gutentor-e6 section-g7a9edc gutentor-element gutentor-element-image\"><div class=\"gutentor-element-image-box\"><div class=\"gutentor-image-thumb\"><img decoding=\"async\" class=\"normal-image\" src=\"https:\/\/iovp.com.br\/s\/wp-content\/uploads\/2024\/04\/apneia3.jpg\" alt=\"Apn\u00e9ia dos sono - ortogn\u00e1tica padr\u00e3o 2\" \/><\/div><\/div><\/div>\n<\/div><\/div>\n<\/div><\/div><\/section>\n","protected":false},"excerpt":{"rendered":"","protected":false},"author":2,"featured_media":0,"parent":0,"menu_order":0,"comment_status":"closed","ping_status":"closed","template":"","meta":{"_crdt_document":"","inline_featured_image":false,"_uag_custom_page_level_css":"","site-sidebar-layout":"default","site-content-layout":"","ast-site-content-layout":"full-width-container","site-content-style":"unboxed","site-sidebar-style":"default","ast-global-header-display":"","ast-banner-title-visibility":"","ast-main-header-display":"","ast-hfb-above-header-display":"","ast-hfb-below-header-display":"","ast-hfb-mobile-header-display":"","site-post-title":"disabled","ast-breadcrumbs-content":"","ast-featured-img":"","footer-sml-layout":"","ast-disable-related-posts":"","theme-transparent-header-meta":"","adv-header-id-meta":"","stick-header-meta":"","header-above-stick-meta":"","header-main-stick-meta":"","header-below-stick-meta":"","astra-migrate-meta-layouts":"set","ast-page-background-enabled":"default","ast-page-background-meta":{"desktop":{"background-color":"var(--ast-global-color-4)","background-image":"","background-repeat":"repeat","background-position":"center center","background-size":"auto","background-attachment":"scroll","background-type":"","background-media":"","overlay-type":"","overlay-color":"","overlay-opacity":"","overlay-gradient":""},"tablet":{"background-color":"","background-image":"","background-repeat":"repeat","background-position":"center center","background-size":"auto","background-attachment":"scroll","background-type":"","background-media":"","overlay-type":"","overlay-color":"","overlay-opacity":"","overlay-gradient":""},"mobile":{"background-color":"","background-image":"","background-repeat":"repeat","background-position":"center center","background-size":"auto","background-attachment":"scroll","background-type":"","background-media":"","overlay-type":"","overlay-color":"","overlay-opacity":"","overlay-gradient":""}},"ast-content-background-meta":{"desktop":{"background-color":"var(--ast-global-color-5)","background-image":"","background-repeat":"repeat","background-position":"center center","background-size":"auto","background-attachment":"scroll","background-type":"","background-media":"","overlay-type":"","overlay-color":"","overlay-opacity":"","overlay-gradient":""},"tablet":{"background-color":"var(--ast-global-color-5)","background-image":"","background-repeat":"repeat","background-position":"center center","background-size":"auto","background-attachment":"scroll","background-type":"","background-media":"","overlay-type":"","overlay-color":"","overlay-opacity":"","overlay-gradient":""},"mobile":{"background-color":"var(--ast-global-color-5)","background-image":"","background-repeat":"repeat","background-position":"center center","background-size":"auto","background-attachment":"scroll","background-type":"","background-media":"","overlay-type":"","overlay-color":"","overlay-opacity":"","overlay-gradient":""}},"footnotes":""},"class_list":["post-1975","page","type-page","status-publish","hentry"],"uagb_featured_image_src":{"full":false,"thumbnail":false,"medium":false,"medium_large":false,"large":false,"1536x1536":false,"2048x2048":false},"uagb_author_info":{"display_name":"Sidnei Diniz","author_link":"https:\/\/iovp.com.br\/s\/author\/diniz\/"},"uagb_comment_info":0,"uagb_excerpt":null,"_links":{"self":[{"href":"https:\/\/iovp.com.br\/s\/wp-json\/wp\/v2\/pages\/1975","targetHints":{"allow":["GET"]}}],"collection":[{"href":"https:\/\/iovp.com.br\/s\/wp-json\/wp\/v2\/pages"}],"about":[{"href":"https:\/\/iovp.com.br\/s\/wp-json\/wp\/v2\/types\/page"}],"author":[{"embeddable":true,"href":"https:\/\/iovp.com.br\/s\/wp-json\/wp\/v2\/users\/2"}],"replies":[{"embeddable":true,"href":"https:\/\/iovp.com.br\/s\/wp-json\/wp\/v2\/comments?post=1975"}],"version-history":[{"count":19,"href":"https:\/\/iovp.com.br\/s\/wp-json\/wp\/v2\/pages\/1975\/revisions"}],"predecessor-version":[{"id":2270,"href":"https:\/\/iovp.com.br\/s\/wp-json\/wp\/v2\/pages\/1975\/revisions\/2270"}],"wp:attachment":[{"href":"https:\/\/iovp.com.br\/s\/wp-json\/wp\/v2\/media?parent=1975"}],"curies":[{"name":"wp","href":"https:\/\/api.w.org\/{rel}","templated":true}]}}