{"id":1952,"date":"2024-04-08T19:30:58","date_gmt":"2024-04-08T22:30:58","guid":{"rendered":"https:\/\/iovp.com.br\/s\/?page_id=1952"},"modified":"2025-04-25T11:14:17","modified_gmt":"2025-04-25T14:14:17","slug":"apneia-do-sono2","status":"publish","type":"page","link":"https:\/\/iovp.com.br\/s\/apneia-do-sono2\/","title":{"rendered":"Apn\u00e9ia do Sono &#8211; 1"},"content":{"rendered":"\n<section id=\"gm307917f\" class=\"wp-block-gutentor-m4 section-gm307917f gutentor-module gutentor-advanced-columns has-color-bg has-custom-bg\"><div class=\"grid-container\"><div class=\"grid-row\">\n<div id=\"col-gm22e408\" class=\"wp-block-gutentor-m4-col col-gm22e408 gutentor-single-column  grid-lg-12 grid-md-12 grid-12\"><div id=\"section-gm22e408\" class=\"section-gm22e408 gutentor-col-wrap\">\n<div id=\"section-g776d1c\" class=\"wp-block-gutentor-e1 section-g776d1c gutentor-element gutentor-element-advanced-text text-align-center-desktop text-align-center-tablet text-align-center-mobile\"><div class=\"gutentor-text-wrap\"><h1 class=\"gutentor-text\">Apn\u00e9ia do Sono<\/h1><\/div><\/div>\n\n\n\n<div id=\"section-g074131\" class=\"wp-block-gutentor-e1 section-g074131 gutentor-element gutentor-element-advanced-text text-align-center-desktop text-align-center-tablet text-align-center-mobile\"><div class=\"gutentor-text-wrap\"><h3 class=\"gutentor-text\">Casos Cl\u00ednicos<\/h3><\/div><\/div>\n\n\n\n<div id=\"section-gadc37a\" class=\"wp-block-gutentor-e1 section-gadc37a gutentor-element gutentor-element-advanced-text text-align-center-desktop text-align-center-tablet text-align-center-mobile\"><div class=\"gutentor-text-wrap\"><h2 class=\"gutentor-text\">Apn\u00e9ia do Sono ou SAHOS<\/h2><\/div><\/div>\n\n\n\n<div id=\"section-g486158\" class=\"wp-block-gutentor-e1 section-g486158 gutentor-element gutentor-element-advanced-text\"><div class=\"gutentor-text-wrap\"><p class=\"gutentor-text\">S\u00edndrome da Apn\u00e9ia\/ Hipopn\u00e9ia do Sono, ou apn\u00e9ia do sono, \u00e9 caracterizada pela ocorr\u00eancia de epis\u00f3dios recorrentes de obstru\u00e7\u00e3o parcial ou total das vias a\u00e9reas durante o sono.<\/p><\/div><\/div>\n\n\n\n<div id=\"section-gd250c9\" class=\"wp-block-gutentor-e6 section-gd250c9 gutentor-element gutentor-element-image\"><div class=\"gutentor-element-image-box\"><div class=\"gutentor-image-thumb\"><img decoding=\"async\" class=\"normal-image\" src=\"https:\/\/iovp.com.br\/s\/wp-content\/uploads\/2024\/04\/apneia3.jpg\" alt=\"Apn\u00e9ia dos sono\" \/><\/div><\/div><\/div>\n\n\n\n<div id=\"section-ge33efc\" class=\"wp-block-gutentor-e1 section-ge33efc gutentor-element gutentor-element-advanced-text text-align-justify-desktop text-align-justify-tablet text-align-justify-mobile\"><div class=\"gutentor-text-wrap\"><p class=\"gutentor-text\">\u00c9 uma doen\u00e7a multifatorial, podendo ser causada pela intera\u00e7\u00e3o de fatores anat\u00f4micos individuais (tamanho das vias a\u00e9reas) com outros fatores como hipotonia da musculatura do palato durante o sono.Tratamentos n\u00e3o cir\u00fargicos convencionais podem ser inaceit\u00e1veis ou intoler\u00e1veis por alguns pacientes. <\/p><\/div><\/div>\n\n\n\n<div id=\"section-g-osmqplo\" class=\"wp-block-gutentor-e1 section-g-osmqplo gutentor-element gutentor-element-advanced-text\"><div class=\"gutentor-text-wrap\"><p class=\"gutentor-text\">Nestas situa\u00e7\u00f5es, o avan\u00e7o maxilomandibular que \u00e9 eficaz no tratamento de pacientes com apn\u00e9ia obstrutiva do sono moderada ou grave, pode ser uma op\u00e7\u00e3o vi\u00e1vel.<\/p><\/div><\/div>\n\n\n\n<div id=\"section-g-rly0ccp\" class=\"wp-block-gutentor-e6 section-g-rly0ccp gutentor-element gutentor-element-image text-align-center-desktop text-align-center-tablet text-align-center-mobile\"><div class=\"gutentor-element-image-box\"><div class=\"gutentor-image-thumb\"><img decoding=\"async\" class=\"normal-image\" src=\"https:\/\/iovp.com.br\/s\/wp-content\/uploads\/2024\/04\/apineia-2.jpg\" \/><\/div><\/div><\/div>\n\n\n\n<div id=\"section-g4bec11\" class=\"wp-block-gutentor-e1 section-g4bec11 gutentor-element gutentor-element-advanced-text text-align-center-desktop text-align-center-tablet text-align-center-mobile\"><div class=\"gutentor-text-wrap\"><p class=\"gutentor-text\"><strong><mark class=\"has-inline-color has-ast-global-color-0-color\">Sintomas<\/mark><\/strong><\/p><\/div><\/div>\n\n\n\n<section id=\"gmf8e7e8d\" class=\"wp-block-gutentor-m4 section-gmf8e7e8d gutentor-module gutentor-advanced-columns has-color-bg has-custom-bg\"><div class=\"grid-container\"><div class=\"grid-row\">\n<div id=\"col-gm8f7b3d\" class=\"wp-block-gutentor-m4-col col-gm8f7b3d gutentor-single-column  grid-lg-12 grid-md-12 grid-12\"><div id=\"section-gm8f7b3d\" class=\"section-gm8f7b3d gutentor-col-wrap\">\n<div class=\"wp-block-uagb-icon-list uagb-block-03b4f475\"><div class=\"uagb-icon-list__wrap\">\n<div class=\"wp-block-uagb-icon-list-child uagb-block-6f7e48aa\"><span class=\"uagb-icon-list__source-wrap\"><svg xmlns=\"https:\/\/www.w3.org\/2000\/svg\" viewBox=\"0 0 512 512\"><path d=\"M512 256C512 397.4 397.4 512 256 512C114.6 512 0 397.4 0 256C0 114.6 114.6 0 256 0C397.4 0 512 114.6 512 256z\"><\/path><\/svg><\/span><span class=\"uagb-icon-list__label\">Ronco<\/span><\/div>\n\n\n\n<div class=\"wp-block-uagb-icon-list-child uagb-block-5220b6fe\"><span class=\"uagb-icon-list__source-wrap\"><svg xmlns=\"https:\/\/www.w3.org\/2000\/svg\" viewBox=\"0 0 512 512\"><path d=\"M512 256C512 397.4 397.4 512 256 512C114.6 512 0 397.4 0 256C0 114.6 114.6 0 256 0C397.4 0 512 114.6 512 256z\"><\/path><\/svg><\/span><span class=\"uagb-icon-list__label\">Sono n\u00e3o reparador (paciente acorda com a sensa\u00e7\u00e3o de que n\u00e3o dormiu o suficiente ou cansado);<\/span><\/div>\n\n\n\n<div class=\"wp-block-uagb-icon-list-child uagb-block-57a8320f\"><span class=\"uagb-icon-list__source-wrap\"><svg xmlns=\"https:\/\/www.w3.org\/2000\/svg\" viewBox=\"0 0 512 512\"><path d=\"M512 256C512 397.4 397.4 512 256 512C114.6 512 0 397.4 0 256C0 114.6 114.6 0 256 0C397.4 0 512 114.6 512 256z\"><\/path><\/svg><\/span><span class=\"uagb-icon-list__label\">Paradas moment\u00e2neas da respira\u00e7\u00e3o durante o sono presenciadas pelo c\u00f4njuge ou outros familiares;<\/span><\/div>\n\n\n\n<div class=\"wp-block-uagb-icon-list-child uagb-block-bfa47fe3\"><span class=\"uagb-icon-list__source-wrap\"><svg xmlns=\"https:\/\/www.w3.org\/2000\/svg\" viewBox=\"0 0 512 512\"><path d=\"M512 256C512 397.4 397.4 512 256 512C114.6 512 0 397.4 0 256C0 114.6 114.6 0 256 0C397.4 0 512 114.6 512 256z\"><\/path><\/svg><\/span><span class=\"uagb-icon-list__label\">Dist\u00farbios cognitivos como: dificuldade de mem\u00f3ria, concentra\u00e7\u00e3o e aten\u00e7\u00e3o;<\/span><\/div>\n\n\n\n<div class=\"wp-block-uagb-icon-list-child uagb-block-14a07d67\"><span class=\"uagb-icon-list__source-wrap\"><svg xmlns=\"https:\/\/www.w3.org\/2000\/svg\" viewBox=\"0 0 512 512\"><path d=\"M512 256C512 397.4 397.4 512 256 512C114.6 512 0 397.4 0 256C0 114.6 114.6 0 256 0C397.4 0 512 114.6 512 256z\"><\/path><\/svg><\/span><span class=\"uagb-icon-list__label\">Fadiga;<\/span><\/div>\n\n\n\n<div class=\"wp-block-uagb-icon-list-child uagb-block-8c41b1c0\"><span class=\"uagb-icon-list__source-wrap\"><svg xmlns=\"https:\/\/www.w3.org\/2000\/svg\" viewBox=\"0 0 512 512\"><path d=\"M512 256C512 397.4 397.4 512 256 512C114.6 512 0 397.4 0 256C0 114.6 114.6 0 256 0C397.4 0 512 114.6 512 256z\"><\/path><\/svg><\/span><span class=\"uagb-icon-list__label\">Nict\u00faria(paciente desperta v\u00e1rias vezes durante a noite para urinar sem que haja um problema de ordem urol\u00f3gica);<\/span><\/div>\n\n\n\n<div class=\"wp-block-uagb-icon-list-child uagb-block-1dc55b99\"><span class=\"uagb-icon-list__source-wrap\"><svg xmlns=\"https:\/\/www.w3.org\/2000\/svg\" viewBox=\"0 0 512 512\"><path d=\"M512 256C512 397.4 397.4 512 256 512C114.6 512 0 397.4 0 256C0 114.6 114.6 0 256 0C397.4 0 512 114.6 512 256z\"><\/path><\/svg><\/span><span class=\"uagb-icon-list__label\">Cefal\u00e9ia matinal;<\/span><\/div>\n\n\n\n<div class=\"wp-block-uagb-icon-list-child uagb-block-726fc716\"><span class=\"uagb-icon-list__source-wrap\"><svg xmlns=\"https:\/\/www.w3.org\/2000\/svg\" viewBox=\"0 0 512 512\"><path d=\"M512 256C512 397.4 397.4 512 256 512C114.6 512 0 397.4 0 256C0 114.6 114.6 0 256 0C397.4 0 512 114.6 512 256z\"><\/path><\/svg><\/span><span class=\"uagb-icon-list__label\">Sonol\u00eancia Diurna Excessiva.<\/span><\/div>\n<\/div><\/div>\n<\/div><\/div>\n<\/div><\/div><\/section>\n\n\n\n<div id=\"section-g0fa374\" class=\"wp-block-gutentor-e1 section-g0fa374 gutentor-element gutentor-element-advanced-text text-align-center-desktop text-align-center-tablet text-align-center-mobile\"><div class=\"gutentor-text-wrap\"><p class=\"gutentor-text\"><strong><mark class=\"has-inline-color has-ast-global-color-0-color\">Consequ\u00eancias da SAHOS n\u00e3o tratada:<\/mark><\/strong><\/p><\/div><\/div>\n\n\n\n<section id=\"gm7d3233d\" class=\"wp-block-gutentor-m4 section-gm7d3233d gutentor-module gutentor-advanced-columns has-color-bg has-custom-bg\"><div class=\"grid-container\"><div class=\"grid-row\">\n<div id=\"col-gmc974de\" class=\"wp-block-gutentor-m4-col col-gmc974de gutentor-single-column  grid-lg-12 grid-md-12 grid-12\"><div id=\"section-gmc974de\" class=\"section-gmc974de gutentor-col-wrap\">\n<div class=\"wp-block-uagb-icon-list uagb-block-b774f71c\"><div class=\"uagb-icon-list__wrap\">\n<div class=\"wp-block-uagb-icon-list-child uagb-block-650d6f79\"><span class=\"uagb-icon-list__source-wrap\"><svg xmlns=\"https:\/\/www.w3.org\/2000\/svg\" viewBox=\"0 0 512 512\"><path d=\"M512 256C512 397.4 397.4 512 256 512C114.6 512 0 397.4 0 256C0 114.6 114.6 0 256 0C397.4 0 512 114.6 512 256z\"><\/path><\/svg><\/span><span class=\"uagb-icon-list__label\">Maior risco de acidentes de tr\u00e2nsito e de trabalho: acidentes com pacientes com SAHOS \u00e9 2 \u00e0 3 vezes superior em rela\u00e7\u00e3o \u00e0 popula\u00e7\u00e3o normal;<\/span><\/div>\n\n\n\n<div class=\"wp-block-uagb-icon-list-child uagb-block-52d0d1d1\"><span class=\"uagb-icon-list__source-wrap\"><svg xmlns=\"https:\/\/www.w3.org\/2000\/svg\" viewBox=\"0 0 512 512\"><path d=\"M512 256C512 397.4 397.4 512 256 512C114.6 512 0 397.4 0 256C0 114.6 114.6 0 256 0C397.4 0 512 114.6 512 256z\"><\/path><\/svg><\/span><span class=\"uagb-icon-list__label\">Acidentes ocorrem com maior freq\u00fc\u00eancia nestes pacientes porque eles tendem a apresentar maior tend\u00eancia para &#8220;cochilos&#8221; involunt\u00e1rios durante o dia;<\/span><\/div>\n\n\n\n<div class=\"wp-block-uagb-icon-list-child uagb-block-2446ef11\"><span class=\"uagb-icon-list__source-wrap\"><svg xmlns=\"https:\/\/www.w3.org\/2000\/svg\" viewBox=\"0 0 512 512\"><path d=\"M512 256C512 397.4 397.4 512 256 512C114.6 512 0 397.4 0 256C0 114.6 114.6 0 256 0C397.4 0 512 114.6 512 256z\"><\/path><\/svg><\/span><span class=\"uagb-icon-list__label\">Hipertens\u00e3o Arterial Sist\u00eamica;<\/span><\/div>\n\n\n\n<div class=\"wp-block-uagb-icon-list-child uagb-block-4de0fd2e\"><span class=\"uagb-icon-list__source-wrap\"><svg xmlns=\"https:\/\/www.w3.org\/2000\/svg\" viewBox=\"0 0 512 512\"><path d=\"M512 256C512 397.4 397.4 512 256 512C114.6 512 0 397.4 0 256C0 114.6 114.6 0 256 0C397.4 0 512 114.6 512 256z\"><\/path><\/svg><\/span><span class=\"uagb-icon-list__label\">Arritmias card\u00edacas;<\/span><\/div>\n\n\n\n<div class=\"wp-block-uagb-icon-list-child uagb-block-6f100209\"><span class=\"uagb-icon-list__source-wrap\"><svg xmlns=\"https:\/\/www.w3.org\/2000\/svg\" viewBox=\"0 0 512 512\"><path d=\"M512 256C512 397.4 397.4 512 256 512C114.6 512 0 397.4 0 256C0 114.6 114.6 0 256 0C397.4 0 512 114.6 512 256z\"><\/path><\/svg><\/span><span class=\"uagb-icon-list__label\">Infarto Agudo do Mioc\u00e1rdio (IAM) e Acidente Vascular Cerebral (AVC);\u00a0<\/span><\/div>\n\n\n\n<div class=\"wp-block-uagb-icon-list-child uagb-block-bfc7cbba\"><span class=\"uagb-icon-list__source-wrap\"><svg xmlns=\"https:\/\/www.w3.org\/2000\/svg\" viewBox=\"0 0 512 512\"><path d=\"M512 256C512 397.4 397.4 512 256 512C114.6 512 0 397.4 0 256C0 114.6 114.6 0 256 0C397.4 0 512 114.6 512 256z\"><\/path><\/svg><\/span><span class=\"uagb-icon-list__label\">Dist\u00farbios Cognitivos: Portadores de SAHOS podem apresentar preju\u00edzo nas fun\u00e7\u00f5es cognitivas como dificuldade de mem\u00f3ria, dificuldade de concentra\u00e7\u00e3o e d\u00e9ficit de Aten\u00e7\u00e3o.<\/span><\/div>\n<\/div><\/div>\n<\/div><\/div>\n<\/div><\/div><\/section>\n\n\n\n<div id=\"section-g844c67\" class=\"wp-block-gutentor-e2 section-g844c67 gutentor-element gutentor-element-button button-align-center-desktop button-align-center-tablet button-align-center-mobile\"><span class=\"gutentor-button-wrap\"><a class=\"gutentor-button gutentor-block-button gutentor-icon-hide\" href=\"https:\/\/iovp.com.br\/s\/apneia-do-sono-sahos\/\"><i class=\"gutentor-button-icon fas fa-book\"><\/i><span>Leia mais<\/span><\/a><\/span><\/div>\n<\/div><\/div>\n<\/div><\/div><\/section>\n","protected":false},"excerpt":{"rendered":"","protected":false},"author":2,"featured_media":0,"parent":0,"menu_order":0,"comment_status":"closed","ping_status":"closed","template":"","meta":{"_crdt_document":"","inline_featured_image":false,"_uag_custom_page_level_css":"","site-sidebar-layout":"default","site-content-layout":"","ast-site-content-layout":"full-width-container","site-content-style":"unboxed","site-sidebar-style":"default","ast-global-header-display":"","ast-banner-title-visibility":"","ast-main-header-display":"","ast-hfb-above-header-display":"","ast-hfb-below-header-display":"","ast-hfb-mobile-header-display":"","site-post-title":"disabled","ast-breadcrumbs-content":"","ast-featured-img":"","footer-sml-layout":"","ast-disable-related-posts":"","theme-transparent-header-meta":"","adv-header-id-meta":"","stick-header-meta":"","header-above-stick-meta":"","header-main-stick-meta":"","header-below-stick-meta":"","astra-migrate-meta-layouts":"set","ast-page-background-enabled":"default","ast-page-background-meta":{"desktop":{"background-color":"var(--ast-global-color-4)","background-image":"","background-repeat":"repeat","background-position":"center center","background-size":"auto","background-attachment":"scroll","background-type":"","background-media":"","overlay-type":"","overlay-color":"","overlay-opacity":"","overlay-gradient":""},"tablet":{"background-color":"","background-image":"","background-repeat":"repeat","background-position":"center center","background-size":"auto","background-attachment":"scroll","background-type":"","background-media":"","overlay-type":"","overlay-color":"","overlay-opacity":"","overlay-gradient":""},"mobile":{"background-color":"","background-image":"","background-repeat":"repeat","background-position":"center center","background-size":"auto","background-attachment":"scroll","background-type":"","background-media":"","overlay-type":"","overlay-color":"","overlay-opacity":"","overlay-gradient":""}},"ast-content-background-meta":{"desktop":{"background-color":"var(--ast-global-color-5)","background-image":"","background-repeat":"repeat","background-position":"center center","background-size":"auto","background-attachment":"scroll","background-type":"","background-media":"","overlay-type":"","overlay-color":"","overlay-opacity":"","overlay-gradient":""},"tablet":{"background-color":"var(--ast-global-color-5)","background-image":"","background-repeat":"repeat","background-position":"center center","background-size":"auto","background-attachment":"scroll","background-type":"","background-media":"","overlay-type":"","overlay-color":"","overlay-opacity":"","overlay-gradient":""},"mobile":{"background-color":"var(--ast-global-color-5)","background-image":"","background-repeat":"repeat","background-position":"center center","background-size":"auto","background-attachment":"scroll","background-type":"","background-media":"","overlay-type":"","overlay-color":"","overlay-opacity":"","overlay-gradient":""}},"footnotes":""},"class_list":["post-1952","page","type-page","status-publish","hentry"],"uagb_featured_image_src":{"full":false,"thumbnail":false,"medium":false,"medium_large":false,"large":false,"1536x1536":false,"2048x2048":false},"uagb_author_info":{"display_name":"Sidnei Diniz","author_link":"https:\/\/iovp.com.br\/s\/author\/diniz\/"},"uagb_comment_info":0,"uagb_excerpt":null,"_links":{"self":[{"href":"https:\/\/iovp.com.br\/s\/wp-json\/wp\/v2\/pages\/1952","targetHints":{"allow":["GET"]}}],"collection":[{"href":"https:\/\/iovp.com.br\/s\/wp-json\/wp\/v2\/pages"}],"about":[{"href":"https:\/\/iovp.com.br\/s\/wp-json\/wp\/v2\/types\/page"}],"author":[{"embeddable":true,"href":"https:\/\/iovp.com.br\/s\/wp-json\/wp\/v2\/users\/2"}],"replies":[{"embeddable":true,"href":"https:\/\/iovp.com.br\/s\/wp-json\/wp\/v2\/comments?post=1952"}],"version-history":[{"count":24,"href":"https:\/\/iovp.com.br\/s\/wp-json\/wp\/v2\/pages\/1952\/revisions"}],"predecessor-version":[{"id":2343,"href":"https:\/\/iovp.com.br\/s\/wp-json\/wp\/v2\/pages\/1952\/revisions\/2343"}],"wp:attachment":[{"href":"https:\/\/iovp.com.br\/s\/wp-json\/wp\/v2\/media?parent=1952"}],"curies":[{"name":"wp","href":"https:\/\/api.w.org\/{rel}","templated":true}]}}