{"id":1913,"date":"2024-04-08T07:50:30","date_gmt":"2024-04-08T10:50:30","guid":{"rendered":"https:\/\/iovp.com.br\/s\/?page_id=1913"},"modified":"2024-04-10T23:11:09","modified_gmt":"2024-04-11T02:11:09","slug":"implante-dentario","status":"publish","type":"page","link":"https:\/\/iovp.com.br\/s\/implante-dentario\/","title":{"rendered":"Implante dent\u00e1rio"},"content":{"rendered":"\n<section id=\"gm2e41f8f\" class=\"wp-block-gutentor-m4 section-gm2e41f8f gutentor-module gutentor-advanced-columns has-color-bg has-custom-bg\"><div class=\"grid-container\"><div class=\"grid-row\">\n<div id=\"col-gm95353b\" class=\"wp-block-gutentor-m4-col col-gm95353b gutentor-single-column  grid-lg-12 grid-md-12 grid-12\"><div id=\"section-gm95353b\" class=\"section-gm95353b gutentor-col-wrap\">\n<div id=\"section-g3733f6\" class=\"wp-block-gutentor-e1 section-g3733f6 gutentor-element gutentor-element-advanced-text text-align-center-desktop text-align-center-tablet text-align-center-mobile\"><div class=\"gutentor-text-wrap\"><h1 class=\"gutentor-text\">Implante Dent\u00e1rio<\/h1><\/div><\/div>\n\n\n\n<div id=\"section-gaf0823\" class=\"wp-block-gutentor-e6 section-gaf0823 gutentor-element gutentor-element-image text-align-center-desktop text-align-center-tablet text-align-center-mobile\"><div class=\"gutentor-element-image-box\"><div class=\"gutentor-image-thumb\"><img decoding=\"async\" class=\"normal-image\" src=\"https:\/\/iovp.com.br\/s\/wp-content\/uploads\/2024\/04\/implantesosseo.webp\" alt=\"Implante Dentario - IOVP\" \/><\/div><\/div><\/div>\n\n\n\n<div id=\"section-g003293\" class=\"wp-block-gutentor-e1 section-g003293 gutentor-element gutentor-element-advanced-text text-align-center-desktop text-align-center-tablet text-align-center-mobile\"><div class=\"gutentor-text-wrap\"><h2 class=\"gutentor-text\">Implante Dent\u00e1rio \u00e9 uma Solu\u00e7\u00e3o Duradoura e Natural para Substitui\u00e7\u00e3o de Dentes Perdidos<\/h2><\/div><\/div>\n\n\n\n<div id=\"section-g87e4b4\" class=\"wp-block-gutentor-e1 section-g87e4b4 gutentor-element gutentor-element-advanced-text\"><div class=\"gutentor-text-wrap\"><p class=\"gutentor-text\">Os implantes dent\u00e1rios s\u00e3o dispositivos utilizados para substituir a raiz de um dente perdido e fornecer uma base s\u00f3lida para a fixa\u00e7\u00e3o de uma pr\u00f3tese dent\u00e1ria, como uma coroa, ponte ou pr\u00f3tese dent\u00e1ria. Eles s\u00e3o feitos de materiais biocompat\u00edveis, como tit\u00e2nio ou ligas de tit\u00e2nio, que s\u00e3o capazes de se integrar ao osso maxilar ou mandibular atrav\u00e9s de um processo chamado osseointegra\u00e7\u00e3o.<br><br>Os pacientes de implante devem ter gengivas saud\u00e1veis e os ossos adequados para sustentar o implante. Quando o osso \u00e9 muito fino ou inadequado para a realiza\u00e7\u00e3o do implante, existe a possibilidade de enxerto \u00f3sseo para realiza\u00e7\u00e3o do implante. Quando o problema for altura \u00f3ssea insuficiente na maxila devido a hiperpneumatiza\u00e7\u00e3o do seio maxilar, h\u00e1 a possibilidade de realiza\u00e7\u00e3o de levantamento do seio maxilar.<br><br>O procedimento de implante dent\u00e1rio geralmente \u00e9 realizado em v\u00e1rias etapas e requer a colabora\u00e7\u00e3o entre um cirurgi\u00e3o bucomaxilofacial ou implantodontista e um dentista restaurador. <\/p><\/div><\/div>\n\n\n\n<div id=\"section-g24f2c1\" class=\"wp-block-gutentor-e1 section-g24f2c1 gutentor-element gutentor-element-advanced-text\"><div class=\"gutentor-text-wrap\"><p class=\"gutentor-text\"><strong>Aqui est\u00e1 uma vis\u00e3o geral do processo:<\/strong><\/p><\/div><\/div>\n\n\n\n<section id=\"gm7662f5c\" class=\"wp-block-gutentor-m4 section-gm7662f5c gutentor-module gutentor-advanced-columns has-color-bg has-custom-bg\"><div class=\"grid-container\"><div class=\"grid-row\">\n<div id=\"col-gm8fbb28\" class=\"wp-block-gutentor-m4-col col-gm8fbb28 gutentor-single-column  grid-lg-12 grid-md-12 grid-12\"><div id=\"section-gm8fbb28\" class=\"section-gm8fbb28 gutentor-col-wrap\">\n<div id=\"section-geccae6\" class=\"wp-block-gutentor-e1 section-geccae6 gutentor-element gutentor-element-advanced-text\"><div class=\"gutentor-text-wrap\"><p class=\"gutentor-text\">1. <mark class=\"has-inline-color has-ast-global-color-0-color\"><strong>Avalia\u00e7\u00e3o e Planejamento:<\/strong><\/mark> O primeiro passo \u00e9 uma avalia\u00e7\u00e3o detalhada da sa\u00fade bucal do paciente, incluindo exames radiogr\u00e1ficos, tomografias computadorizadas e moldagens dos dentes e gengivas. Com base nesses dados, um plano de tratamento personalizado \u00e9 desenvolvido.<br>\u00a0<br>2. <mark class=\"has-inline-color has-ast-global-color-0-color\"><strong>Cirurgia de Implante:<\/strong><\/mark> Durante esta fase, o implante dent\u00e1rio \u00e9 inserido no osso maxilar ou mandibular atrav\u00e9s de uma pequena incis\u00e3o na gengiva. O implante \u00e9 posicionado com precis\u00e3o e, em seguida, a gengiva \u00e9 suturada para permitir a cicatriza\u00e7\u00e3o. Ap\u00f3s a cirurgia, \u00e9 necess\u00e1rio um per\u00edodo de cicatriza\u00e7\u00e3o, que geralmente varia de tr\u00eas a seis meses.<br>\u00a0<br>3. <mark class=\"has-inline-color has-ast-global-color-0-color\"><strong>Osseointegra\u00e7\u00e3o:<\/strong><\/mark> Durante o per\u00edodo de cicatriza\u00e7\u00e3o, o implante dent\u00e1rio se funde ao osso circundante atrav\u00e9s do processo de osseointegra\u00e7\u00e3o. Isso fornece uma base est\u00e1vel e duradoura para a pr\u00f3tese dent\u00e1ria.<br>\u00a0<br>4. <strong><mark class=\"has-inline-color has-ast-global-color-0-color\">Coloca\u00e7\u00e3o da Pr\u00f3tese:<\/mark><\/strong> Ap\u00f3s a osseointegra\u00e7\u00e3o ser conclu\u00edda, uma pr\u00f3tese dent\u00e1ria \u00e9 fabricada para se encaixar perfeitamente no implante. Isso pode incluir uma coroa individual para substituir um dente \u00fanico ou uma ponte ou pr\u00f3tese dent\u00e1ria fixa para substituir v\u00e1rios dentes ausentes. A pr\u00f3tese \u00e9 fixada de forma segura ao implante, restaurando a fun\u00e7\u00e3o mastigat\u00f3ria e a est\u00e9tica do sorriso.<\/p><\/div><\/div>\n<\/div><\/div>\n<\/div><\/div><\/section>\n\n\n\n<div id=\"section-g4d855b\" class=\"wp-block-gutentor-e1 section-g4d855b gutentor-element gutentor-element-advanced-text\"><div class=\"gutentor-text-wrap\"><p class=\"gutentor-text\">Os implantes dent\u00e1rios oferecem uma s\u00e9rie de benef\u00edcios em compara\u00e7\u00e3o com outras op\u00e7\u00f5es de substitui\u00e7\u00e3o de dentes, incluindo uma apar\u00eancia natural, estabilidade e conforto melhorados, preserva\u00e7\u00e3o do osso adjacente e uma vida \u00fatil mais longa.<\/p><\/div><\/div>\n<\/div><\/div>\n<\/div><\/div><\/section>\n","protected":false},"excerpt":{"rendered":"","protected":false},"author":2,"featured_media":0,"parent":0,"menu_order":0,"comment_status":"closed","ping_status":"closed","template":"","meta":{"_crdt_document":"","inline_featured_image":false,"_uag_custom_page_level_css":"","site-sidebar-layout":"default","site-content-layout":"","ast-site-content-layout":"full-width-container","site-content-style":"unboxed","site-sidebar-style":"default","ast-global-header-display":"","ast-banner-title-visibility":"","ast-main-header-display":"","ast-hfb-above-header-display":"","ast-hfb-below-header-display":"","ast-hfb-mobile-header-display":"","site-post-title":"disabled","ast-breadcrumbs-content":"","ast-featured-img":"","footer-sml-layout":"","ast-disable-related-posts":"","theme-transparent-header-meta":"","adv-header-id-meta":"","stick-header-meta":"","header-above-stick-meta":"","header-main-stick-meta":"","header-below-stick-meta":"","astra-migrate-meta-layouts":"set","ast-page-background-enabled":"default","ast-page-background-meta":{"desktop":{"background-color":"var(--ast-global-color-4)","background-image":"","background-repeat":"repeat","background-position":"center center","background-size":"auto","background-attachment":"scroll","background-type":"","background-media":"","overlay-type":"","overlay-color":"","overlay-opacity":"","overlay-gradient":""},"tablet":{"background-color":"","background-image":"","background-repeat":"repeat","background-position":"center center","background-size":"auto","background-attachment":"scroll","background-type":"","background-media":"","overlay-type":"","overlay-color":"","overlay-opacity":"","overlay-gradient":""},"mobile":{"background-color":"","background-image":"","background-repeat":"repeat","background-position":"center center","background-size":"auto","background-attachment":"scroll","background-type":"","background-media":"","overlay-type":"","overlay-color":"","overlay-opacity":"","overlay-gradient":""}},"ast-content-background-meta":{"desktop":{"background-color":"var(--ast-global-color-5)","background-image":"","background-repeat":"repeat","background-position":"center center","background-size":"auto","background-attachment":"scroll","background-type":"","background-media":"","overlay-type":"","overlay-color":"","overlay-opacity":"","overlay-gradient":""},"tablet":{"background-color":"var(--ast-global-color-5)","background-image":"","background-repeat":"repeat","background-position":"center center","background-size":"auto","background-attachment":"scroll","background-type":"","background-media":"","overlay-type":"","overlay-color":"","overlay-opacity":"","overlay-gradient":""},"mobile":{"background-color":"var(--ast-global-color-5)","background-image":"","background-repeat":"repeat","background-position":"center center","background-size":"auto","background-attachment":"scroll","background-type":"","background-media":"","overlay-type":"","overlay-color":"","overlay-opacity":"","overlay-gradient":""}},"footnotes":""},"class_list":["post-1913","page","type-page","status-publish","hentry"],"uagb_featured_image_src":{"full":false,"thumbnail":false,"medium":false,"medium_large":false,"large":false,"1536x1536":false,"2048x2048":false},"uagb_author_info":{"display_name":"Sidnei Diniz","author_link":"https:\/\/iovp.com.br\/s\/author\/diniz\/"},"uagb_comment_info":0,"uagb_excerpt":null,"_links":{"self":[{"href":"https:\/\/iovp.com.br\/s\/wp-json\/wp\/v2\/pages\/1913","targetHints":{"allow":["GET"]}}],"collection":[{"href":"https:\/\/iovp.com.br\/s\/wp-json\/wp\/v2\/pages"}],"about":[{"href":"https:\/\/iovp.com.br\/s\/wp-json\/wp\/v2\/types\/page"}],"author":[{"embeddable":true,"href":"https:\/\/iovp.com.br\/s\/wp-json\/wp\/v2\/users\/2"}],"replies":[{"embeddable":true,"href":"https:\/\/iovp.com.br\/s\/wp-json\/wp\/v2\/comments?post=1913"}],"version-history":[{"count":15,"href":"https:\/\/iovp.com.br\/s\/wp-json\/wp\/v2\/pages\/1913\/revisions"}],"predecessor-version":[{"id":1940,"href":"https:\/\/iovp.com.br\/s\/wp-json\/wp\/v2\/pages\/1913\/revisions\/1940"}],"wp:attachment":[{"href":"https:\/\/iovp.com.br\/s\/wp-json\/wp\/v2\/media?parent=1913"}],"curies":[{"name":"wp","href":"https:\/\/api.w.org\/{rel}","templated":true}]}}