{"id":1880,"date":"2024-04-05T20:59:23","date_gmt":"2024-04-05T23:59:23","guid":{"rendered":"https:\/\/iovp.com.br\/s\/?page_id=1880"},"modified":"2024-04-10T23:11:18","modified_gmt":"2024-04-11T02:11:18","slug":"enxertos-osseos","status":"publish","type":"page","link":"https:\/\/iovp.com.br\/s\/enxertos-osseos\/","title":{"rendered":"Enxertos \u00d3sseos"},"content":{"rendered":"\n<section id=\"gmff75f7b\" class=\"wp-block-gutentor-m4 section-gmff75f7b gutentor-module gutentor-advanced-columns has-color-bg has-custom-bg\"><div class=\"grid-container\"><div class=\"grid-row\">\n<div id=\"col-gme0bb54\" class=\"wp-block-gutentor-m4-col col-gme0bb54 gutentor-single-column  grid-lg-12 grid-md-12 grid-12\"><div id=\"section-gme0bb54\" class=\"section-gme0bb54 gutentor-col-wrap\">\n<div id=\"section-gc6d2ea\" class=\"wp-block-gutentor-e1 section-gc6d2ea gutentor-element gutentor-element-advanced-text text-align-center-desktop text-align-center-tablet text-align-center-mobile\"><div class=\"gutentor-text-wrap\"><h1 class=\"gutentor-text\">Enxerto \u00d3sseo: Procedimento e Aplica\u00e7\u00f5es<\/h1><\/div><\/div>\n\n\n\n<div id=\"section-g650e60\" class=\"wp-block-gutentor-e1 section-g650e60 gutentor-element gutentor-element-advanced-text text-align-center-desktop text-align-center-tablet text-align-center-mobile\"><div class=\"gutentor-text-wrap\"><h2 class=\"gutentor-text\">O enxerto na restaura\u00e7\u00e3o \u00f3ssea para melhora da sa\u00fade e est\u00e9tica<\/h2><\/div><\/div>\n\n\n\n<div id=\"section-ga357dc\" class=\"wp-block-gutentor-e1 section-ga357dc gutentor-element gutentor-element-advanced-text text-align-justify-desktop text-align-justify-tablet text-align-justify-mobile\"><div class=\"gutentor-text-wrap\"><p class=\"gutentor-text\">O enxerto \u00f3sseo na \u00e1rea de buco maxilo facial \u00e9 um procedimento cir\u00fargico cujo objetivo \u00e9 restaurar ou aumentar a quantidade de osso na mand\u00edbula, maxila e cr\u00e2nio. Essa t\u00e9cnica \u00e9 necess\u00e1ria na maioria dos casos de perda \u00f3ssea, provocada tanto por traumas, doen\u00e7as periodontais e remo\u00e7\u00f5es de tumor, anomalias cong\u00eanitas quanto pela reabsor\u00e7\u00e3o \u00f3ssea ap\u00f3s a remo\u00e7\u00e3o dos dentes. Uma s\u00e9rie de diferentes tipos de enxertos \u00f3sseos \u00e9 utilizada na buco maxilo facial, e a escolha depende das necessidades individuais no caso do paciente, bem como da extens\u00e3o da perda \u00f3ssea. atualmente dispon\u00edveis nesta \u00e1rea.<br><br>Existem diferentes tipos de enxertos \u00f3sseos utilizados na \u00e1rea buco maxilo facial, e a escolha depende das necessidades espec\u00edficas do paciente e da extens\u00e3o da perda \u00f3ssea. Alguns dos tipos comuns de enxertos \u00f3sseos incluem:<\/p><\/div><\/div>\n\n\n\n<div id=\"section-g0eae34\" class=\"wp-block-gutentor-e1 section-g0eae34 gutentor-element gutentor-element-advanced-text\"><div class=\"gutentor-text-wrap\"><p class=\"gutentor-text\"><strong>Enxertos Aut\u00f3genos:<\/strong> O osso \u00e9 retirado de uma \u00e1rea do pr\u00f3prio corpo do paciente, como a crista il\u00edaca (osso do quadril), mand\u00edbula ou cr\u00e2nio. Os enxertos aut\u00f3genos s\u00e3o considerados os mais eficazes e seguros, pois h\u00e1 menos chance de rejei\u00e7\u00e3o.<br><strong>Enxertos Al\u00f3genos:<\/strong> O osso \u00e9 obtido de um doador humano. Esses enxertos s\u00e3o processados e esterilizados antes de serem utilizados no paciente. Embora sejam uma op\u00e7\u00e3o menos invasiva do que os enxertos aut\u00f3genos, existe um risco ligeiramente maior de rejei\u00e7\u00e3o.<br><strong>Enxertos Xen\u00f3genos:<\/strong> O osso \u00e9 obtido de fontes animais, como bovinos ou su\u00ednos. Antes de serem utilizados, esses enxertos passam por um processo de desproteiniza\u00e7\u00e3o para reduzir o risco de rejei\u00e7\u00e3o. Os enxertos xen\u00f3genos s\u00e3o uma op\u00e7\u00e3o alternativa para pacientes que n\u00e3o podem doar seu pr\u00f3prio osso.<br><strong>Enxertos Sint\u00e9ticos:<\/strong> Esses enxertos s\u00e3o feitos de materiais artificiais, como cer\u00e2mica, pol\u00edmeros ou hidroxiapatita. Embora sejam menos propensos a causar rea\u00e7\u00f5es al\u00e9rgicas, sua efic\u00e1cia pode variar dependendo do paciente e do tipo de material utilizado.<\/p><\/div><\/div>\n\n\n\n<div id=\"section-gf9c375\" class=\"wp-block-gutentor-e1 section-gf9c375 gutentor-element gutentor-element-advanced-text text-align-justify-desktop text-align-justify-tablet text-align-justify-mobile\"><div class=\"gutentor-text-wrap\"><p class=\"gutentor-text\">Atualmente os enxertos \u00f3sseos constituem uma enorme evolu\u00e7\u00e3o na implantodontia. Antigamente, grandes perdas \u00f3sseas estavam fadadas a resolu\u00e7\u00e3o com pr\u00f3teses convencionais fixas ou remov\u00edveis.<br>&nbsp;<br>Hoje, grandes reabsor\u00e7\u00f5es \u00f3sseas podem ser resolvidas com a evolu\u00e7\u00e3o das t\u00e9cnicas cir\u00fargicas de enxertia. A remo\u00e7\u00e3o de osso aut\u00f3geno, atualmente, n\u00e3o \u00e9 necess\u00e1ria devido a utiliza\u00e7\u00e3o de bancos de tecido (banco de osso), que fornecem tecidos para reconstru\u00e7\u00e3o da estrutura \u00f3ssea perdida.<\/p><\/div><\/div>\n\n\n\n<div id=\"section-g4a4d85\" class=\"wp-block-gutentor-e1 section-g4a4d85 gutentor-element gutentor-element-advanced-text\"><div class=\"gutentor-text-wrap\"><p class=\"gutentor-text\"><strong>Clique nos \u00edcones abaixo, para ver alguns exemplos:<\/strong><\/p><\/div><\/div>\n\n\n\n<section id=\"gm589d496\" class=\"wp-block-gutentor-m4 section-gm589d496 gutentor-module gutentor-advanced-columns\"><div class=\"grid-container\"><div class=\"grid-row\">\n<div id=\"col-gm59c4de\" class=\"wp-block-gutentor-m4-col col-gm59c4de gutentor-single-column  grid-lg-6 grid-md-6 grid-6\"><div id=\"section-gm59c4de\" class=\"section-gm59c4de gutentor-col-wrap\">\n<div id=\"section-g59110b\" class=\"wp-block-gutentor-e1 section-g59110b gutentor-element gutentor-element-advanced-text text-align-center-desktop text-align-center-tablet text-align-center-mobile\"><div class=\"gutentor-text-wrap\"><p class=\"gutentor-text\"><strong>Levantamento de seio maxilar<\/strong><\/p><\/div><\/div>\n\n\n\n<div id=\"section-g38fdcb\" class=\"wp-block-gutentor-e11 section-g38fdcb gutentor-element gutentor-element-video-popup text-align-center-mobile\"><div class=\"gutentor-element-video-popup-wrap\"><a class=\"gutentor-video-popup-holder\" href=\"https:\/\/www.youtube.com\/watch?v=XPW-Ju5aI88\" target=\"_blank\" rel=\"noopener\"><span class=\"video-popup-icon-box\"><i class=\"fab fa-youtube\"><\/i><\/span><\/a><\/div><\/div>\n<\/div><\/div>\n\n\n\n<div id=\"col-gm98479d\" class=\"wp-block-gutentor-m4-col col-gm98479d gutentor-single-column  grid-lg-6 grid-md-6 grid-6\"><div id=\"section-gm98479d\" class=\"section-gm98479d gutentor-col-wrap\">\n<div id=\"section-ga9c8af\" class=\"wp-block-gutentor-e1 section-ga9c8af gutentor-element gutentor-element-advanced-text text-align-center-desktop text-align-center-tablet text-align-center-mobile\"><div class=\"gutentor-text-wrap\"><p class=\"gutentor-text\"><strong>Enxerto \u00d3sseo para Implantes bloco<\/strong><\/p><\/div><\/div>\n\n\n\n<div id=\"section-gaf9ffe\" class=\"wp-block-gutentor-e11 section-gaf9ffe gutentor-element gutentor-element-video-popup text-align-center-mobile\"><div class=\"gutentor-element-video-popup-wrap\"><a class=\"gutentor-video-popup-holder\" href=\"https:\/\/www.youtube.com\/watch?v=9p49Dl-2SGU\" target=\"_blank\" rel=\"noopener\"><span class=\"video-popup-icon-box\"><i class=\"fab fa-youtube\"><\/i><\/span><\/a><\/div><\/div>\n<\/div><\/div>\n<\/div><\/div><\/section>\n\n\n\n<div id=\"section-g6c4087\" class=\"wp-block-gutentor-e1 section-g6c4087 gutentor-element gutentor-element-advanced-text\"><div class=\"gutentor-text-wrap\"><p class=\"gutentor-text\">O enxerto \u00f3sseo pode fornecer uma base s\u00f3lida para a coloca\u00e7\u00e3o de implantes dent\u00e1rios, melhorar a estabilidade da dentadura ou restaurar a est\u00e9tica facial, melhorando assim a qualidade de vida do paciente.<\/p><\/div><\/div>\n<\/div><\/div>\n<\/div><\/div><\/section>\n","protected":false},"excerpt":{"rendered":"","protected":false},"author":2,"featured_media":0,"parent":0,"menu_order":0,"comment_status":"closed","ping_status":"closed","template":"","meta":{"_crdt_document":"","inline_featured_image":false,"_uag_custom_page_level_css":"","site-sidebar-layout":"default","site-content-layout":"","ast-site-content-layout":"full-width-container","site-content-style":"unboxed","site-sidebar-style":"default","ast-global-header-display":"","ast-banner-title-visibility":"","ast-main-header-display":"","ast-hfb-above-header-display":"","ast-hfb-below-header-display":"","ast-hfb-mobile-header-display":"","site-post-title":"disabled","ast-breadcrumbs-content":"","ast-featured-img":"","footer-sml-layout":"","ast-disable-related-posts":"","theme-transparent-header-meta":"","adv-header-id-meta":"","stick-header-meta":"","header-above-stick-meta":"","header-main-stick-meta":"","header-below-stick-meta":"","astra-migrate-meta-layouts":"set","ast-page-background-enabled":"default","ast-page-background-meta":{"desktop":{"background-color":"var(--ast-global-color-4)","background-image":"","background-repeat":"repeat","background-position":"center center","background-size":"auto","background-attachment":"scroll","background-type":"","background-media":"","overlay-type":"","overlay-color":"","overlay-opacity":"","overlay-gradient":""},"tablet":{"background-color":"","background-image":"","background-repeat":"repeat","background-position":"center center","background-size":"auto","background-attachment":"scroll","background-type":"","background-media":"","overlay-type":"","overlay-color":"","overlay-opacity":"","overlay-gradient":""},"mobile":{"background-color":"","background-image":"","background-repeat":"repeat","background-position":"center center","background-size":"auto","background-attachment":"scroll","background-type":"","background-media":"","overlay-type":"","overlay-color":"","overlay-opacity":"","overlay-gradient":""}},"ast-content-background-meta":{"desktop":{"background-color":"var(--ast-global-color-5)","background-image":"","background-repeat":"repeat","background-position":"center center","background-size":"auto","background-attachment":"scroll","background-type":"","background-media":"","overlay-type":"","overlay-color":"","overlay-opacity":"","overlay-gradient":""},"tablet":{"background-color":"var(--ast-global-color-5)","background-image":"","background-repeat":"repeat","background-position":"center center","background-size":"auto","background-attachment":"scroll","background-type":"","background-media":"","overlay-type":"","overlay-color":"","overlay-opacity":"","overlay-gradient":""},"mobile":{"background-color":"var(--ast-global-color-5)","background-image":"","background-repeat":"repeat","background-position":"center center","background-size":"auto","background-attachment":"scroll","background-type":"","background-media":"","overlay-type":"","overlay-color":"","overlay-opacity":"","overlay-gradient":""}},"footnotes":""},"class_list":["post-1880","page","type-page","status-publish","hentry"],"uagb_featured_image_src":{"full":false,"thumbnail":false,"medium":false,"medium_large":false,"large":false,"1536x1536":false,"2048x2048":false},"uagb_author_info":{"display_name":"Sidnei Diniz","author_link":"https:\/\/iovp.com.br\/s\/author\/diniz\/"},"uagb_comment_info":0,"uagb_excerpt":null,"_links":{"self":[{"href":"https:\/\/iovp.com.br\/s\/wp-json\/wp\/v2\/pages\/1880","targetHints":{"allow":["GET"]}}],"collection":[{"href":"https:\/\/iovp.com.br\/s\/wp-json\/wp\/v2\/pages"}],"about":[{"href":"https:\/\/iovp.com.br\/s\/wp-json\/wp\/v2\/types\/page"}],"author":[{"embeddable":true,"href":"https:\/\/iovp.com.br\/s\/wp-json\/wp\/v2\/users\/2"}],"replies":[{"embeddable":true,"href":"https:\/\/iovp.com.br\/s\/wp-json\/wp\/v2\/comments?post=1880"}],"version-history":[{"count":16,"href":"https:\/\/iovp.com.br\/s\/wp-json\/wp\/v2\/pages\/1880\/revisions"}],"predecessor-version":[{"id":1912,"href":"https:\/\/iovp.com.br\/s\/wp-json\/wp\/v2\/pages\/1880\/revisions\/1912"}],"wp:attachment":[{"href":"https:\/\/iovp.com.br\/s\/wp-json\/wp\/v2\/media?parent=1880"}],"curies":[{"name":"wp","href":"https:\/\/api.w.org\/{rel}","templated":true}]}}