{"id":1745,"date":"2024-03-31T21:43:32","date_gmt":"2024-04-01T00:43:32","guid":{"rendered":"https:\/\/iovp.com.br\/s\/?page_id=1745"},"modified":"2025-04-25T11:36:25","modified_gmt":"2025-04-25T14:36:25","slug":"apneia-do-sono-sahos","status":"publish","type":"page","link":"https:\/\/iovp.com.br\/s\/apneia-do-sono-sahos\/","title":{"rendered":"apn\u00e9ia do sono"},"content":{"rendered":"\n<section id=\"gmf689cc6\" class=\"wp-block-gutentor-m4 section-gmf689cc6 gutentor-module gutentor-advanced-columns has-color-bg has-custom-bg\"><div class=\"grid-container\"><div class=\"grid-row\">\n<div id=\"col-gm0f2185\" class=\"wp-block-gutentor-m4-col col-gm0f2185 gutentor-single-column  grid-lg-12 grid-md-12 grid-12\"><div id=\"section-gm0f2185\" class=\"section-gm0f2185 gutentor-col-wrap\">\n<div id=\"section-g6ca910\" class=\"wp-block-gutentor-e1 section-g6ca910 gutentor-element gutentor-element-advanced-text text-align-center-desktop text-align-center-tablet text-align-center-mobile\"><div class=\"gutentor-text-wrap\"><h1 class=\"gutentor-text\">Entendendo a Apn\u00e9ia do Sono<\/h1><\/div><\/div>\n\n\n\n<div id=\"section-gd2de7a\" class=\"wp-block-gutentor-e1 section-gd2de7a gutentor-element gutentor-element-advanced-text text-align-center-desktop text-align-center-tablet text-align-center-mobile\"><div class=\"gutentor-text-wrap\"><h2 class=\"gutentor-text\">Causas, Sintomas e Tratamento da Apn\u00e9ia<\/h2><\/div><\/div>\n\n\n\n<div id=\"section-g089d50\" class=\"wp-block-gutentor-e6 section-g089d50 gutentor-element gutentor-element-image\"><div class=\"gutentor-element-image-box\"><div class=\"gutentor-image-thumb\"><img decoding=\"async\" class=\"normal-image\" src=\"https:\/\/iovp.com.br\/s\/wp-content\/uploads\/2024\/03\/apneia.webp\" alt=\"Apn\u00e9ia do sono - SAHOS\" \/><\/div><\/div><\/div>\n\n\n\n<div id=\"section-gccdf65\" class=\"wp-block-gutentor-e1 section-gccdf65 gutentor-element gutentor-element-advanced-text text-align-justify-desktop text-align-justify-tablet text-align-justify-mobile\"><div class=\"gutentor-text-wrap\"><p class=\"gutentor-text\">Apn\u00e9ia do sono, hipopneia ou SAHOS (s\u00edndrome da apn\u00e9ia ou hipoapin\u00e9ia obstrutiva do sono), \u00e9 um dist\u00farbio caracterizado pela parada ou diminui\u00e7\u00e3o tempor\u00e1ria da respira\u00e7\u00e3o v\u00e1rias vezes durante o sono resultando em roncos e num descanso pouco relaxante, n\u00e3o permitindo a recupera\u00e7\u00e3o as energias.<br><br>Na&nbsp;<strong><mark class=\"has-inline-color has-ast-global-color-0-color\">apn\u00e9ia<\/mark>,<\/strong>&nbsp;a parada respirat\u00f3ria deve durar um m\u00ednimo de 10 segundos, podendo chegar a mais de um minuto. J\u00e1 na&nbsp;<strong><mark class=\"has-inline-color has-ast-global-color-0-color\">hipopn\u00e9ia<\/mark><\/strong>,&nbsp;ocorre&nbsp;a diminui\u00e7\u00e3o do fluxo de ar em 30% a 50%. Embora diferentes, as duas condi\u00e7\u00f5es trazem as mesmas complica\u00e7\u00f5es.<br><br>Os sintomas mais comuns s\u00e3o ronco, epis\u00f3dios vis\u00edveis de interrup\u00e7\u00e3o da respira\u00e7\u00e3o durante o sono observadas pelo parceiro de cama, sonol\u00eancia diurna excessiva, dificuldade de concentra\u00e7\u00e3o, irritabilidade, dores de cabe\u00e7a matinais e boca seca ao acordar. O ronco pode ser excessivamente alto e interferir com o sono dos outros. Portadores de sintomas mais graves costumam acordar com sensa\u00e7\u00e3o de sufocamento, refluxo esof\u00e1gico, boca seca, espasmo da laringe e vontade de urinar.<\/p><\/div><\/div>\n\n\n\n<section id=\"gm941abb8\" class=\"wp-block-gutentor-m4 section-gm941abb8 gutentor-module gutentor-advanced-columns\"><div class=\"grid-container\"><div class=\"grid-row\">\n<div id=\"col-gm21b917\" class=\"wp-block-gutentor-m4-col col-gm21b917 gutentor-single-column  grid-lg-5 grid-md-4 grid-12\"><div id=\"section-gm21b917\" class=\"section-gm21b917 gutentor-col-wrap\">\n<div id=\"section-g495844\" class=\"wp-block-gutentor-e1 section-g495844 gutentor-element gutentor-element-advanced-text text-align-center-desktop text-align-center-tablet text-align-center-mobile\"><div class=\"gutentor-text-wrap\"><h3 class=\"gutentor-text\">Fique atendo aos seguintes sintomas:<\/h3><\/div><\/div>\n<\/div><\/div>\n\n\n\n<div id=\"col-gm7e3573\" class=\"wp-block-gutentor-m4-col col-gm7e3573 gutentor-single-column  grid-lg-7 grid-md-8 grid-12\"><div id=\"section-gm7e3573\" class=\"section-gm7e3573 gutentor-col-wrap has-color-bg has-custom-bg\">\n<div class=\"wp-block-uagb-icon-list uagb-block-04d36b4f\"><div class=\"uagb-icon-list__wrap\">\n<div class=\"wp-block-uagb-icon-list-child uagb-block-d36b5872\"><span class=\"uagb-icon-list__source-wrap\"><svg xmlns=\"https:\/\/www.w3.org\/2000\/svg\" viewBox=\"0 0 512 512\"><path d=\"M512 256C512 397.4 397.4 512 256 512C114.6 512 0 397.4 0 256C0 114.6 114.6 0 256 0C397.4 0 512 114.6 512 256z\"><\/path><\/svg><\/span><span class=\"uagb-icon-list__label\">Roncar durante o sono;<\/span><\/div>\n\n\n\n<div class=\"wp-block-uagb-icon-list-child uagb-block-3951e327\"><span class=\"uagb-icon-list__source-wrap\"><svg xmlns=\"https:\/\/www.w3.org\/2000\/svg\" viewBox=\"0 0 512 512\"><path d=\"M512 256C512 397.4 397.4 512 256 512C114.6 512 0 397.4 0 256C0 114.6 114.6 0 256 0C397.4 0 512 114.6 512 256z\"><\/path><\/svg><\/span><span class=\"uagb-icon-list__label\">Acordar v\u00e1rias vezes \u00e0 noite, mesmo que por poucos segundos e de forma impercept\u00edvel;<\/span><\/div>\n\n\n\n<div class=\"wp-block-uagb-icon-list-child uagb-block-36aa2652\"><span class=\"uagb-icon-list__source-wrap\"><svg xmlns=\"https:\/\/www.w3.org\/2000\/svg\" viewBox=\"0 0 512 512\"><path d=\"M512 256C512 397.4 397.4 512 256 512C114.6 512 0 397.4 0 256C0 114.6 114.6 0 256 0C397.4 0 512 114.6 512 256z\"><\/path><\/svg><\/span><span class=\"uagb-icon-list__label\">Apresentar paradas da respira\u00e7\u00e3o ou sufocamento durante o sono;<\/span><\/div>\n\n\n\n<div class=\"wp-block-uagb-icon-list-child uagb-block-791c163b\"><span class=\"uagb-icon-list__source-wrap\"><svg xmlns=\"https:\/\/www.w3.org\/2000\/svg\" viewBox=\"0 0 512 512\"><path d=\"M512 256C512 397.4 397.4 512 256 512C114.6 512 0 397.4 0 256C0 114.6 114.6 0 256 0C397.4 0 512 114.6 512 256z\"><\/path><\/svg><\/span><span class=\"uagb-icon-list__label\">Excesso de sono e cansa\u00e7o durante o dia;<\/span><\/div>\n\n\n\n<div class=\"wp-block-uagb-icon-list-child uagb-block-1e7dce6d\"><span class=\"uagb-icon-list__source-wrap\"><svg xmlns=\"https:\/\/www.w3.org\/2000\/svg\" viewBox=\"0 0 512 512\"><path d=\"M512 256C512 397.4 397.4 512 256 512C114.6 512 0 397.4 0 256C0 114.6 114.6 0 256 0C397.4 0 512 114.6 512 256z\"><\/path><\/svg><\/span><span class=\"uagb-icon-list__label\">Acordar muitas vezes durante a noite para urinar (nict\u00faria);<\/span><\/div>\n\n\n\n<div class=\"wp-block-uagb-icon-list-child uagb-block-fd6c4958\"><span class=\"uagb-icon-list__source-wrap\"><svg xmlns=\"https:\/\/www.w3.org\/2000\/svg\" viewBox=\"0 0 512 512\"><path d=\"M512 256C512 397.4 397.4 512 256 512C114.6 512 0 397.4 0 256C0 114.6 114.6 0 256 0C397.4 0 512 114.6 512 256z\"><\/path><\/svg><\/span><span class=\"uagb-icon-list__label\">Ter dor de cabe\u00e7a pela manh\u00e3;<\/span><\/div>\n\n\n\n<div class=\"wp-block-uagb-icon-list-child uagb-block-679a2e3c\"><span class=\"uagb-icon-list__source-wrap\"><svg xmlns=\"https:\/\/www.w3.org\/2000\/svg\" viewBox=\"0 0 512 512\"><path d=\"M512 256C512 397.4 397.4 512 256 512C114.6 512 0 397.4 0 256C0 114.6 114.6 0 256 0C397.4 0 512 114.6 512 256z\"><\/path><\/svg><\/span><span class=\"uagb-icon-list__label\">Diminui\u00e7\u00e3o no rendimento nos estudos ou trabalho;<\/span><\/div>\n\n\n\n<div class=\"wp-block-uagb-icon-list-child uagb-block-3b24ac8c\"><span class=\"uagb-icon-list__source-wrap\"><svg xmlns=\"https:\/\/www.w3.org\/2000\/svg\" viewBox=\"0 0 512 512\"><path d=\"M512 256C512 397.4 397.4 512 256 512C114.6 512 0 397.4 0 256C0 114.6 114.6 0 256 0C397.4 0 512 114.6 512 256z\"><\/path><\/svg><\/span><span class=\"uagb-icon-list__label\">Dificuldades de concentra\u00e7\u00e3o e de mem\u00f3ria;<\/span><\/div>\n\n\n\n<div class=\"wp-block-uagb-icon-list-child uagb-block-bb5f8679\"><span class=\"uagb-icon-list__source-wrap\"><svg xmlns=\"https:\/\/www.w3.org\/2000\/svg\" viewBox=\"0 0 512 512\"><path d=\"M512 256C512 397.4 397.4 512 256 512C114.6 512 0 397.4 0 256C0 114.6 114.6 0 256 0C397.4 0 512 114.6 512 256z\"><\/path><\/svg><\/span><span class=\"uagb-icon-list__label\">Irritabilidade e depress\u00e3o;<\/span><\/div>\n\n\n\n<div class=\"wp-block-uagb-icon-list-child uagb-block-41ca8189\"><span class=\"uagb-icon-list__source-wrap\"><svg xmlns=\"https:\/\/www.w3.org\/2000\/svg\" viewBox=\"0 0 512 512\"><path d=\"M512 256C512 397.4 397.4 512 256 512C114.6 512 0 397.4 0 256C0 114.6 114.6 0 256 0C397.4 0 512 114.6 512 256z\"><\/path><\/svg><\/span><span class=\"uagb-icon-list__label\">Impot\u00eancia sexual.<\/span><\/div>\n<\/div><\/div>\n<\/div><\/div>\n<\/div><\/div><\/section>\n\n\n\n<div id=\"section-gdc8c99\" class=\"wp-block-gutentor-e1 section-gdc8c99 gutentor-element gutentor-element-advanced-text text-align-justify-desktop text-align-justify-tablet text-align-justify-mobile\"><div class=\"gutentor-text-wrap\"><p class=\"gutentor-text\">O diagn\u00f3stico definitivo \u00e9 feito atrav\u00e9s da Polissonografia, exame que testa o potenciais el\u00e9tricos da&nbsp; atividade cerebral, dos batimentos card\u00edacos, os movimentos dos olhos, a atividade muscular, o esfor\u00e7o respirat\u00f3rio, a satura\u00e7\u00e3o de oxig\u00eanio no sangue, o movimento das pernas e outros par\u00e2metros, durante o sono.<br><br>Estudos demonstram que a s\u00edndrome est\u00e1 associada a aumento na incid\u00eancia de infartos do mioc\u00e1rdio, derrames cerebrais e arritmias card\u00edacas.<br><br>Pode ser classificada, quanto a severidade, da seguinte maneira:<br><br><strong>N\u00famero de pausas por hora<\/strong>:<br>Menos que 5 = <strong>Normal<\/strong> | 6-15 = <strong>Leve<\/strong> | 16-30 = <strong>Moderada<\/strong> | Mais que 30 = <strong>Severa<\/strong><br><br>A apneia do sono n\u00e3o tratada pode levar a complica\u00e7\u00f5es graves, como hipertens\u00e3o arterial, doen\u00e7as card\u00edacas, acidente vascular cerebral, diabetes tipo 2 e problemas de sa\u00fade mental.<br>O tratamento geralmente envolve mudan\u00e7as no estilo de vida, como perda de peso, evitar \u00e1lcool e sedativos antes de dormir, e o uso de dispositivos de press\u00e3o positiva nas vias a\u00e9reas (CPAP) ou dispositivos orais para manter as vias a\u00e9reas abertas durante o sono.<br><\/p><\/div><\/div>\n\n\n\n<div id=\"section-g-q71qnso\" class=\"wp-block-gutentor-e1 section-g-q71qnso gutentor-element gutentor-element-advanced-text\"><div class=\"gutentor-text-wrap\"><p class=\"gutentor-text\"><a href=\"\u00a0Deixar h\u00e1bitos nocivos que podem estar piorando ou desencadeando uma apn\u00e9ia do sono, como fumar, ingerir susbt\u00e2ncias que causam seda\u00e7\u00e3o, obesidade.\"><a href=\"\u00a0Deixar h\u00e1bitos nocivos que podem estar piorando ou desencadeando uma apn\u00e9ia do sono, como fumar, ingerir susbt\u00e2ncias que causam seda\u00e7\u00e3o, obesidade.\">\u2022\u00a0<strong>CPAP:<\/strong>\u00a0Principal tratamento para apn\u00e9ia do sono. \u00c9 um aparelho, semelhante a uma m\u00e1scara de oxig\u00eanio, que empurra o ar para as vias a\u00e9reas e facilita a respira\u00e7\u00e3o, melhorando a qualidade do sono.<br>\u2022\u00a0<strong>Cirurgia:<\/strong>\u00a0Feita nos pacientes que n\u00e3o apresentam melhora com uso de CPAP, que pode ser uma forma de cura da apn\u00e9ia, com a corre\u00e7\u00e3o do estreitamento ou obstru\u00e7\u00e3o do ar nas vias respirat\u00f3rias, corre\u00e7\u00e3o das deformidades na mand\u00edbula ou maxila.<br>\u2022\u00a0<strong>Corre\u00e7\u00e3o de h\u00e1bitos de vida:<\/strong>\u00a0Deixar h\u00e1bitos nocivos que podem estar piorando ou desencadeando uma apn\u00e9ia do sono, como fumar, ingerir susbt\u00e2ncias que causam seda\u00e7\u00e3o, obesidade.\u00a0<\/a><\/a><\/p><\/div><\/div>\n\n\n\n<div id=\"section-gd24b4e\" class=\"wp-block-gutentor-e1 section-gd24b4e gutentor-element gutentor-element-advanced-text\"><div class=\"gutentor-text-wrap\"><p class=\"gutentor-text\">Em casos graves, pode ser considerada cirurgia para corrigir obstru\u00e7\u00f5es nas vias a\u00e9reas. O diagn\u00f3stico e tratamento adequados s\u00e3o essenciais para gerenciar a apneia do sono e melhorar a qualidade de vida.<\/p><\/div><\/div>\n\n\n\n<div id=\"section-g13ac2a\" class=\"wp-block-gutentor-e6 section-g13ac2a gutentor-element gutentor-element-image text-align-center-desktop text-align-center-tablet text-align-center-mobile\"><div class=\"gutentor-element-image-box\"><div class=\"gutentor-image-thumb\"><img decoding=\"async\" class=\"normal-image\" src=\"https:\/\/iovp.com.br\/s\/wp-content\/uploads\/2024\/04\/apneia3.jpg\" alt=\"Apn\u00e9ia do sono - ortogn\u00e1tica padr\u00e3o 2\" \/><\/div><\/div><\/div>\n\n\n\n<div id=\"section-g32ba63\" class=\"wp-block-gutentor-e1 section-g32ba63 gutentor-element gutentor-element-advanced-text text-align-center-desktop text-align-center-tablet text-align-center-mobile\"><div class=\"gutentor-text-wrap\"><p class=\"gutentor-text\"><strong>Consequ\u00eancias da SAHOS n\u00e3o tratada:<\/strong><\/p><\/div><\/div>\n\n\n\n<div id=\"section-gd120e1\" class=\"wp-block-gutentor-e1 section-gd120e1 gutentor-element gutentor-element-advanced-text text-align-justify-desktop text-align-justify-tablet text-align-justify-mobile\"><div class=\"gutentor-text-wrap\"><p class=\"gutentor-text\">Maior risco de acidentes de tr\u00e2nsito e de trabalho: acidentes com pacientes com SAHOS \u00e9 2 \u00e0 3 vezes superior em rela\u00e7\u00e3o \u00e0 popula\u00e7\u00e3o normal;<br>Acidentes ocorrem com maior freq\u00fc\u00eancia nestes pacientes porque eles tendem a apresentar maior tend\u00eancia para &#8220;cochilos&#8221; involunt\u00e1rios durante o dia;<br>Hipertens\u00e3o Arterial Sist\u00eamica;<br>Arritmias card\u00edacas;<br>&nbsp;Infarto Agudo do Mioc\u00e1rdio (IAM) e Acidente Vascular Cerebral (AVC);&nbsp;<br>Dist\u00farbios Cognitivos: Portadores de SAHOS podem apresentar preju\u00edzo nas fun\u00e7\u00f5es cognitivas como dificuldade de mem\u00f3ria, dificuldade de concentra\u00e7\u00e3o e d\u00e9ficit de Aten\u00e7\u00e3o.<\/p><\/div><\/div>\n\n\n\n<div id=\"section-g915130\" class=\"wp-block-gutentor-e1 section-g915130 gutentor-element gutentor-element-advanced-text\"><div class=\"gutentor-text-wrap\"><p class=\"gutentor-text\"><strong>Saiba mais em: <a href=\"https:\/\/www.sleepfoundation.org\/sleep-apnea\" target=\"_blank\" rel=\"noreferrer noopener\">National Sleep Fundation<\/a><\/strong><\/p><\/div><\/div>\n<\/div><\/div>\n<\/div><\/div><\/section>\n","protected":false},"excerpt":{"rendered":"","protected":false},"author":2,"featured_media":0,"parent":0,"menu_order":0,"comment_status":"closed","ping_status":"closed","template":"","meta":{"_crdt_document":"","inline_featured_image":false,"_uag_custom_page_level_css":"","site-sidebar-layout":"default","site-content-layout":"","ast-site-content-layout":"full-width-container","site-content-style":"unboxed","site-sidebar-style":"default","ast-global-header-display":"","ast-banner-title-visibility":"","ast-main-header-display":"","ast-hfb-above-header-display":"","ast-hfb-below-header-display":"","ast-hfb-mobile-header-display":"","site-post-title":"disabled","ast-breadcrumbs-content":"","ast-featured-img":"","footer-sml-layout":"","ast-disable-related-posts":"","theme-transparent-header-meta":"","adv-header-id-meta":"","stick-header-meta":"","header-above-stick-meta":"","header-main-stick-meta":"","header-below-stick-meta":"","astra-migrate-meta-layouts":"set","ast-page-background-enabled":"default","ast-page-background-meta":{"desktop":{"background-color":"var(--ast-global-color-4)","background-image":"","background-repeat":"repeat","background-position":"center center","background-size":"auto","background-attachment":"scroll","background-type":"","background-media":"","overlay-type":"","overlay-color":"","overlay-opacity":"","overlay-gradient":""},"tablet":{"background-color":"","background-image":"","background-repeat":"repeat","background-position":"center center","background-size":"auto","background-attachment":"scroll","background-type":"","background-media":"","overlay-type":"","overlay-color":"","overlay-opacity":"","overlay-gradient":""},"mobile":{"background-color":"","background-image":"","background-repeat":"repeat","background-position":"center center","background-size":"auto","background-attachment":"scroll","background-type":"","background-media":"","overlay-type":"","overlay-color":"","overlay-opacity":"","overlay-gradient":""}},"ast-content-background-meta":{"desktop":{"background-color":"var(--ast-global-color-5)","background-image":"","background-repeat":"repeat","background-position":"center center","background-size":"auto","background-attachment":"scroll","background-type":"","background-media":"","overlay-type":"","overlay-color":"","overlay-opacity":"","overlay-gradient":""},"tablet":{"background-color":"var(--ast-global-color-5)","background-image":"","background-repeat":"repeat","background-position":"center center","background-size":"auto","background-attachment":"scroll","background-type":"","background-media":"","overlay-type":"","overlay-color":"","overlay-opacity":"","overlay-gradient":""},"mobile":{"background-color":"var(--ast-global-color-5)","background-image":"","background-repeat":"repeat","background-position":"center center","background-size":"auto","background-attachment":"scroll","background-type":"","background-media":"","overlay-type":"","overlay-color":"","overlay-opacity":"","overlay-gradient":""}},"footnotes":"[]"},"class_list":["post-1745","page","type-page","status-publish","hentry"],"uagb_featured_image_src":{"full":false,"thumbnail":false,"medium":false,"medium_large":false,"large":false,"1536x1536":false,"2048x2048":false},"uagb_author_info":{"display_name":"Sidnei Diniz","author_link":"https:\/\/iovp.com.br\/s\/author\/diniz\/"},"uagb_comment_info":0,"uagb_excerpt":null,"_links":{"self":[{"href":"https:\/\/iovp.com.br\/s\/wp-json\/wp\/v2\/pages\/1745","targetHints":{"allow":["GET"]}}],"collection":[{"href":"https:\/\/iovp.com.br\/s\/wp-json\/wp\/v2\/pages"}],"about":[{"href":"https:\/\/iovp.com.br\/s\/wp-json\/wp\/v2\/types\/page"}],"author":[{"embeddable":true,"href":"https:\/\/iovp.com.br\/s\/wp-json\/wp\/v2\/users\/2"}],"replies":[{"embeddable":true,"href":"https:\/\/iovp.com.br\/s\/wp-json\/wp\/v2\/comments?post=1745"}],"version-history":[{"count":65,"href":"https:\/\/iovp.com.br\/s\/wp-json\/wp\/v2\/pages\/1745\/revisions"}],"predecessor-version":[{"id":2353,"href":"https:\/\/iovp.com.br\/s\/wp-json\/wp\/v2\/pages\/1745\/revisions\/2353"}],"wp:attachment":[{"href":"https:\/\/iovp.com.br\/s\/wp-json\/wp\/v2\/media?parent=1745"}],"curies":[{"name":"wp","href":"https:\/\/api.w.org\/{rel}","templated":true}]}}