{"id":1621,"date":"2024-03-31T10:57:23","date_gmt":"2024-03-31T13:57:23","guid":{"rendered":"https:\/\/iovp.com.br\/s\/?page_id=1621"},"modified":"2025-04-25T07:59:55","modified_gmt":"2025-04-25T10:59:55","slug":"atm","status":"publish","type":"page","link":"https:\/\/iovp.com.br\/s\/atm\/","title":{"rendered":"atm1"},"content":{"rendered":"\n<section id=\"gm571736d\" class=\"wp-block-gutentor-m4 section-gm571736d gutentor-module gutentor-advanced-columns has-color-bg has-custom-bg\"><div class=\"grid-container\"><div class=\"grid-row\">\n<div id=\"col-gm9fd4a4\" class=\"wp-block-gutentor-m4-col col-gm9fd4a4 gutentor-single-column  grid-lg-12 grid-md-12 grid-12\"><div id=\"section-gm9fd4a4\" class=\"section-gm9fd4a4 gutentor-col-wrap\">\n<div id=\"section-g98dd97\" class=\"wp-block-gutentor-e1 section-g98dd97 gutentor-element gutentor-element-advanced-text text-align-center-desktop text-align-center-tablet text-align-center-mobile\"><div class=\"gutentor-text-wrap\"><h1 class=\"gutentor-text\">Articula\u00e7\u00e3o Temporomandibular (ATM)<\/h1><\/div><\/div>\n\n\n\n<div id=\"section-g05f0e9\" class=\"wp-block-gutentor-e1 section-g05f0e9 gutentor-element gutentor-element-advanced-text text-align-center-desktop text-align-center-tablet text-align-center-mobile\"><div class=\"gutentor-text-wrap\"><h2 class=\"gutentor-text\">ATM \u00e9 a articula\u00e7\u00e3o mais complexa do corpo humano<\/h2><\/div><\/div>\n\n\n\n<div id=\"section-gacca52\" class=\"wp-block-gutentor-e6 section-gacca52 gutentor-element gutentor-element-image\"><div class=\"gutentor-element-image-box\"><div class=\"gutentor-image-thumb\"><img decoding=\"async\" class=\"normal-image\" src=\"https:\/\/iovp.com.br\/s\/wp-content\/uploads\/2024\/03\/atm.webp\" alt=\"Articula\u00e7\u00e3o Temporomandibular (ATM)\" \/><\/div><\/div><\/div>\n\n\n\n<div id=\"section-g5ffbf2\" class=\"wp-block-gutentor-e1 section-g5ffbf2 gutentor-element gutentor-element-advanced-text text-align-justify-desktop text-align-justify-tablet text-align-justify-mobile\"><div class=\"gutentor-text-wrap\"><p class=\"gutentor-text\">A Articula\u00e7\u00e3o Temporomandibular (ATM), mais complexa do corpo humano, \u00e9 uma articula\u00e7\u00e3o essencial no sistema estomatogn\u00e1tico humano, que liga a mand\u00edbula ao cr\u00e2nio. Ela est\u00e1 localizada logo \u00e0 frente das orelhas, uma em cada lado da cabe\u00e7a, e \u00e9 respons\u00e1vel por permitir movimentos complexos, como abrir e fechar a boca, movimento lateral, mastigar, falar e engolir.<br>&nbsp;<br>A ATM \u00e9 composta por v\u00e1rias estruturas, incluindo o osso temporal do cr\u00e2nio, a mand\u00edbula (ou maxilar inferior) e um disco articular que separa esses ossos. Al\u00e9m disso, \u00e9 envolvida por m\u00fasculos, ligamentos e tecidos moles que ajudam a estabilizar e controlar seus movimentos.<br>&nbsp;<br>Disfun\u00e7\u00f5es da articula\u00e7\u00e3o t\u00eamporo mandibular &#8211; ATM podem causar uma s\u00e9rie de sintomas, como dor na mand\u00edbula, dificuldade ou ru\u00eddos ao abrir ou fechar a boca, dores de cabe\u00e7a, zumbido no ouvido e at\u00e9 mesmo travamento da mand\u00edbula.<br>&nbsp;<br>O diagn\u00f3stico e tratamento de dist\u00farbios da ATM s\u00e3o geralmente realizados por dentistas especializados em disfun\u00e7\u00e3o temporomandibular (DTM) ou por cirurgi\u00f5es bucomaxilofaciais.<\/p><\/div><\/div>\n\n\n\n<div id=\"section-g5e3d0e\" class=\"wp-block-gutentor-e1 section-g5e3d0e gutentor-element gutentor-element-advanced-text text-align-center-desktop text-align-center-tablet text-align-center-mobile\"><div class=\"gutentor-text-wrap\"><h3 class=\"gutentor-text\">Diagn\u00f3stico<\/h3><\/div><\/div>\n\n\n\n<div id=\"section-g4d4241\" class=\"wp-block-gutentor-e1 section-g4d4241 gutentor-element gutentor-element-advanced-text text-align-justify-desktop text-align-justify-tablet text-align-justify-mobile\"><div class=\"gutentor-text-wrap\"><p class=\"gutentor-text\">Para diagnosticar corretamente a ATM, o profissional ir\u00e1 realizar um exame minucioso da musculatura e tecidos da cabe\u00e7a e pesco\u00e7o, al\u00e9m da solicita\u00e7\u00e3o de exames radiogr\u00e1ficos. Os sinais e sintomas s\u00e3o fundamentais para o fechamento do diagn\u00f3stico.<\/p><\/div><\/div>\n\n\n\n<section id=\"gm921e975\" class=\"wp-block-gutentor-m4 section-gm921e975 gutentor-module gutentor-advanced-columns\"><div class=\"grid-container\"><div class=\"grid-row\">\n<div id=\"col-gm553ff2\" class=\"wp-block-gutentor-m4-col col-gm553ff2 gutentor-single-column  grid-lg-5 grid-md-5 grid-12\"><div id=\"section-gm553ff2\" class=\"section-gm553ff2 gutentor-col-wrap\">\n<div id=\"section-g5d823d\" class=\"wp-block-gutentor-e6 section-g5d823d gutentor-element gutentor-element-image  d-md-none d-lg-block d-none\"><div class=\"gutentor-element-image-box\"><div class=\"gutentor-image-thumb\"><img decoding=\"async\" class=\"normal-image\" src=\"https:\/\/iovp.com.br\/s\/wp-content\/uploads\/2024\/03\/diagnostico.jpg\" alt=\"Diagn\u00f3stico ATM\" \/><\/div><\/div><\/div>\n\n\n\n<div id=\"section-g126e25\" class=\"wp-block-gutentor-e6 section-g126e25 gutentor-element gutentor-element-image d-lg-none\"><div class=\"gutentor-element-image-box\"><div class=\"gutentor-image-thumb\"><img decoding=\"async\" class=\"normal-image\" src=\"https:\/\/iovp.com.br\/s\/wp-content\/uploads\/2024\/03\/diagnostico2.jpg\" alt=\"Diagn\u00f3stico ATM\" \/><\/div><\/div><\/div>\n<\/div><\/div>\n\n\n\n<div id=\"col-gm6a9481\" class=\"wp-block-gutentor-m4-col col-gm6a9481 gutentor-single-column  grid-lg-7 grid-md-7 grid-12\"><div id=\"section-gm6a9481\" class=\"section-gm6a9481 gutentor-col-wrap\">\n<div class=\"wp-block-uagb-icon-list uagb-block-5576fd15\"><div class=\"uagb-icon-list__wrap\">\n<div class=\"wp-block-uagb-icon-list-child uagb-block-80181c9d\"><span class=\"uagb-icon-list__source-wrap\"><svg xmlns=\"https:\/\/www.w3.org\/2000\/svg\" viewBox=\"0 0 512 512\"><path d=\"M512 256C512 397.4 397.4 512 256 512C114.6 512 0 397.4 0 256C0 114.6 114.6 0 256 0C397.4 0 512 114.6 512 256z\"><\/path><\/svg><\/span><span class=\"uagb-icon-list__label\">Dores locais no rosto, boca, maxilar, orelha, pesco\u00e7o, ombro e\/ou costas, dores de cabe\u00e7a, espasmo ou travamento das juntas;<\/span><\/div>\n\n\n\n<div class=\"wp-block-uagb-icon-list-child uagb-block-4d816285\"><span class=\"uagb-icon-list__source-wrap\"><svg xmlns=\"https:\/\/www.w3.org\/2000\/svg\" viewBox=\"0 0 512 512\"><path d=\"M512 256C512 397.4 397.4 512 256 512C114.6 512 0 397.4 0 256C0 114.6 114.6 0 256 0C397.4 0 512 114.6 512 256z\"><\/path><\/svg><\/span><span class=\"uagb-icon-list__label\">Sensa\u00e7\u00e3o de cansa\u00e7o no rosto<\/span><\/div>\n\n\n\n<div class=\"wp-block-uagb-icon-list-child uagb-block-b3b12cde\"><span class=\"uagb-icon-list__source-wrap\"><svg xmlns=\"https:\/\/www.w3.org\/2000\/svg\" viewBox=\"0 0 512 512\"><path d=\"M512 256C512 397.4 397.4 512 256 512C114.6 512 0 397.4 0 256C0 114.6 114.6 0 256 0C397.4 0 512 114.6 512 256z\"><\/path><\/svg><\/span><span class=\"uagb-icon-list__label\">Dificuldade de mastiga\u00e7\u00e3o, dor de dente;<\/span><\/div>\n\n\n\n<div class=\"wp-block-uagb-icon-list-child uagb-block-24cedac8\"><span class=\"uagb-icon-list__source-wrap\"><svg xmlns=\"https:\/\/www.w3.org\/2000\/svg\" viewBox=\"0 0 512 512\"><path d=\"M512 256C512 397.4 397.4 512 256 512C114.6 512 0 397.4 0 256C0 114.6 114.6 0 256 0C397.4 0 512 114.6 512 256z\"><\/path><\/svg><\/span><span class=\"uagb-icon-list__label\">Enxaquecas (tipo tens\u00e3o);<\/span><\/div>\n\n\n\n<div class=\"wp-block-uagb-icon-list-child uagb-block-4e1a17bb\"><span class=\"uagb-icon-list__source-wrap\"><svg xmlns=\"https:\/\/www.w3.org\/2000\/svg\" viewBox=\"0 0 512 512\"><path d=\"M512 256C512 397.4 397.4 512 256 512C114.6 512 0 397.4 0 256C0 114.6 114.6 0 256 0C397.4 0 512 114.6 512 256z\"><\/path><\/svg><\/span><span class=\"uagb-icon-list__label\">Dor de ouvido, surdez moment\u00e2nea, vertigem ou zumbido.<\/span><\/div>\n<\/div><\/div>\n<\/div><\/div>\n<\/div><\/div><\/section>\n\n\n\n<div id=\"section-gdf8e47\" class=\"wp-block-gutentor-e1 section-gdf8e47 gutentor-element gutentor-element-advanced-text text-align-center-desktop text-align-center-tablet text-align-center-mobile\"><div class=\"gutentor-text-wrap\"><h3 class=\"gutentor-text\">Tratamento<\/h3><\/div><\/div>\n\n\n\n<div id=\"section-g2a2dd8\" class=\"wp-block-gutentor-e1 section-g2a2dd8 gutentor-element gutentor-element-advanced-text\"><div class=\"gutentor-text-wrap\"><p class=\"gutentor-text\">Ap\u00f3s exame rigoroso e exames complementares (rx, ressonaria magn\u00e9tica,tomografia, polissonografia, exames de sangue, etc), \u00e9 estabelecido um plano de tratamento.<br>Maioria dos casos \u00e9 resolvida com a utiliza\u00e7\u00e3o de placas miorrelaxante e medicamentos, podendo-se associar tratamento fisioter\u00e1pico. Nos casos mais graves, o tratamento pode ser cir\u00fargico.<\/p><\/div><\/div>\n<\/div><\/div>\n<\/div><\/div><\/section>\n","protected":false},"excerpt":{"rendered":"","protected":false},"author":2,"featured_media":0,"parent":0,"menu_order":1,"comment_status":"closed","ping_status":"closed","template":"","meta":{"_crdt_document":"","inline_featured_image":false,"_uag_custom_page_level_css":"","site-sidebar-layout":"default","site-content-layout":"","ast-site-content-layout":"full-width-container","site-content-style":"unboxed","site-sidebar-style":"default","ast-global-header-display":"","ast-banner-title-visibility":"","ast-main-header-display":"","ast-hfb-above-header-display":"","ast-hfb-below-header-display":"","ast-hfb-mobile-header-display":"","site-post-title":"disabled","ast-breadcrumbs-content":"","ast-featured-img":"","footer-sml-layout":"","ast-disable-related-posts":"","theme-transparent-header-meta":"","adv-header-id-meta":"","stick-header-meta":"","header-above-stick-meta":"","header-main-stick-meta":"","header-below-stick-meta":"","astra-migrate-meta-layouts":"set","ast-page-background-enabled":"default","ast-page-background-meta":{"desktop":{"background-color":"var(--ast-global-color-4)","background-image":"","background-repeat":"repeat","background-position":"center center","background-size":"auto","background-attachment":"scroll","background-type":"","background-media":"","overlay-type":"","overlay-color":"","overlay-opacity":"","overlay-gradient":""},"tablet":{"background-color":"","background-image":"","background-repeat":"repeat","background-position":"center center","background-size":"auto","background-attachment":"scroll","background-type":"","background-media":"","overlay-type":"","overlay-color":"","overlay-opacity":"","overlay-gradient":""},"mobile":{"background-color":"","background-image":"","background-repeat":"repeat","background-position":"center center","background-size":"auto","background-attachment":"scroll","background-type":"","background-media":"","overlay-type":"","overlay-color":"","overlay-opacity":"","overlay-gradient":""}},"ast-content-background-meta":{"desktop":{"background-color":"var(--ast-global-color-5)","background-image":"","background-repeat":"repeat","background-position":"center center","background-size":"auto","background-attachment":"scroll","background-type":"","background-media":"","overlay-type":"","overlay-color":"","overlay-opacity":"","overlay-gradient":""},"tablet":{"background-color":"var(--ast-global-color-5)","background-image":"","background-repeat":"repeat","background-position":"center center","background-size":"auto","background-attachment":"scroll","background-type":"","background-media":"","overlay-type":"","overlay-color":"","overlay-opacity":"","overlay-gradient":""},"mobile":{"background-color":"var(--ast-global-color-5)","background-image":"","background-repeat":"repeat","background-position":"center center","background-size":"auto","background-attachment":"scroll","background-type":"","background-media":"","overlay-type":"","overlay-color":"","overlay-opacity":"","overlay-gradient":""}},"footnotes":""},"class_list":["post-1621","page","type-page","status-publish","hentry"],"uagb_featured_image_src":{"full":false,"thumbnail":false,"medium":false,"medium_large":false,"large":false,"1536x1536":false,"2048x2048":false},"uagb_author_info":{"display_name":"Sidnei Diniz","author_link":"https:\/\/iovp.com.br\/s\/author\/diniz\/"},"uagb_comment_info":0,"uagb_excerpt":null,"_links":{"self":[{"href":"https:\/\/iovp.com.br\/s\/wp-json\/wp\/v2\/pages\/1621","targetHints":{"allow":["GET"]}}],"collection":[{"href":"https:\/\/iovp.com.br\/s\/wp-json\/wp\/v2\/pages"}],"about":[{"href":"https:\/\/iovp.com.br\/s\/wp-json\/wp\/v2\/types\/page"}],"author":[{"embeddable":true,"href":"https:\/\/iovp.com.br\/s\/wp-json\/wp\/v2\/users\/2"}],"replies":[{"embeddable":true,"href":"https:\/\/iovp.com.br\/s\/wp-json\/wp\/v2\/comments?post=1621"}],"version-history":[{"count":8,"href":"https:\/\/iovp.com.br\/s\/wp-json\/wp\/v2\/pages\/1621\/revisions"}],"predecessor-version":[{"id":2319,"href":"https:\/\/iovp.com.br\/s\/wp-json\/wp\/v2\/pages\/1621\/revisions\/2319"}],"wp:attachment":[{"href":"https:\/\/iovp.com.br\/s\/wp-json\/wp\/v2\/media?parent=1621"}],"curies":[{"name":"wp","href":"https:\/\/api.w.org\/{rel}","templated":true}]}}