{"id":1612,"date":"2024-03-31T10:28:15","date_gmt":"2024-03-31T13:28:15","guid":{"rendered":"https:\/\/iovp.com.br\/s\/?page_id=1612"},"modified":"2025-04-25T10:51:01","modified_gmt":"2025-04-25T13:51:01","slug":"cirurgia-ortognatica","status":"publish","type":"page","link":"https:\/\/iovp.com.br\/s\/cirurgia-ortognatica\/","title":{"rendered":"Cirurgia Ortogn\u00e1tica"},"content":{"rendered":"\n<section id=\"gm0c74965\" class=\"wp-block-gutentor-m4 section-gm0c74965 gutentor-module gutentor-advanced-columns has-color-bg has-custom-bg\"><div class=\"grid-container\"><div class=\"grid-row\">\n<div id=\"col-gm832a31\" class=\"wp-block-gutentor-m4-col col-gm832a31 gutentor-single-column  grid-lg-12 grid-md-12 grid-12\"><div id=\"section-gm832a31\" class=\"section-gm832a31 gutentor-col-wrap\">\n<div id=\"section-g70199b\" class=\"wp-block-gutentor-e1 section-g70199b gutentor-element gutentor-element-advanced-text text-align-center-desktop text-align-center-tablet text-align-center-mobile\"><div class=\"gutentor-text-wrap\"><h1 class=\"gutentor-text\">Oque \u00e9 <mark class=\"has-inline-color has-ast-global-color-0-color\">Cirurgia Ortogn\u00e1tica<\/mark><\/h1><\/div><\/div>\n\n\n\n<div id=\"section-ga4a4f6\" class=\"wp-block-gutentor-e6 section-ga4a4f6 gutentor-element gutentor-element-image text-align-center-desktop text-align-center-tablet text-align-center-mobile\"><div class=\"gutentor-element-image-box\"><div class=\"gutentor-image-thumb\"><img decoding=\"async\" class=\"normal-image\" src=\"https:\/\/iovp.com.br\/s\/wp-content\/uploads\/2024\/03\/ortognatica-paciente.jpg\" alt=\"ortognatica-paciente\" \/><\/div><\/div><\/div>\n\n\n\n<div id=\"section-g0cb2b6\" class=\"wp-block-gutentor-e1 section-g0cb2b6 gutentor-element gutentor-element-advanced-text text-align-center-desktop text-align-center-tablet text-align-center-mobile\"><div class=\"gutentor-text-wrap\"><h2 class=\"gutentor-text\">A cirurgia ortogn\u00e1tica \u00e9 um tipo de CIRURGIA BUCOMAXILOFACIAL que tem como objetivo corrigir as deformidades dentofaciais em pacientes adultos.<\/h2><\/div><\/div>\n\n\n\n<section id=\"gm890f3af\" class=\"wp-block-gutentor-m4 section-gm890f3af gutentor-module gutentor-advanced-columns\"><div class=\"grid-container\"><div class=\"grid-row\">\n<div id=\"col-gm165339\" class=\"wp-block-gutentor-m4-col col-gm165339 gutentor-single-column  grid-lg-6 grid-md-12 grid-12\"><div id=\"section-gm165339\" class=\"section-gm165339 gutentor-col-wrap\">\n<div id=\"section-g1015ed\" class=\"wp-block-gutentor-e1 section-g1015ed gutentor-element gutentor-element-advanced-text\"><div class=\"gutentor-text-wrap\"><p class=\"gutentor-text\">A deformidade dentofacial (ortogn\u00e1tica) \u00e9 definida como uma maloclus\u00e3o (mordida errada) associada a uma altera\u00e7\u00e3o esquel\u00e9tica que se caracteriza pela desarmonia entre a maxila (maxilar superior) e a mand\u00edbula (maxilar inferior), sendo que a deformidade pode estar localizada na maxila, na mand\u00edbula ou em ambos. <br>Pode estar acompanhada de altera\u00e7\u00f5es respirat\u00f3rias e musculares, al\u00e9m de um comprometimento est\u00e9tico facial que pode ocasionar problemas psicol\u00f3gicos e priva\u00e7\u00f5es quanto ao conv\u00edvio social. Estas deformidades na grande maioria das vezes tem origem heredit\u00e1ria (heran\u00e7a familiar), por\u00e9m, podem ser adquiridas, como as sequelas de fraturas faciais.<\/p><\/div><\/div>\n<\/div><\/div>\n\n\n\n<div id=\"col-gm40e3e1\" class=\"wp-block-gutentor-m4-col col-gm40e3e1 gutentor-single-column  grid-lg-6 grid-md-12 grid-12\"><div id=\"section-gm40e3e1\" class=\"section-gm40e3e1 gutentor-col-wrap\">\n<div id=\"section-gcfde50\" class=\"wp-block-gutentor-e6 section-gcfde50 gutentor-element gutentor-element-image\"><div class=\"gutentor-element-image-box\"><div class=\"gutentor-image-thumb\"><img decoding=\"async\" class=\"normal-image\" src=\"https:\/\/iovp.com.br\/s\/wp-content\/uploads\/2024\/03\/tipos.webp\" alt=\"tipos ortognaticos\" \/><\/div><\/div><\/div>\n<\/div><\/div>\n<\/div><\/div><\/section>\n\n\n\n<div id=\"section-g4bede0\" class=\"wp-block-gutentor-e1 section-g4bede0 gutentor-element gutentor-element-advanced-text text-align-justify-desktop text-align-justify-tablet text-align-justify-mobile\"><div class=\"gutentor-text-wrap\"><p class=\"gutentor-text\">O tratamento das deformidades dentofaciais \u00e9 essencialmente multiprofissional, envolvendo a atua\u00e7\u00e3o em conjunto do ortodontista e do cirurgi\u00e3o bucomaxilofacial. Em algumas situa\u00e7\u00f5es \u00e9 de grande import\u00e2ncia a participa\u00e7\u00e3o de um fonoaudi\u00f3logo, para reeducar as altera\u00e7\u00f5es funcionais da musculatura quando presentes. O ortodontista ir\u00e1 realizar o alinhamento e nivelamento dos dentes, ou seja, ele vai colocar os dentes na melhor posi\u00e7\u00e3o poss\u00edvel, sem se preocupar em corrigir a maloclus\u00e3o (mordida errada), uma vez que isto \u00e9 consequ\u00eancia da desarmonia entre o osso da maxila e da mand\u00edbula. Feito isto, o cirurgi\u00e3o bucomaxilofacial corrigi a altera\u00e7\u00e3o esquel\u00e9tica atrav\u00e9s da cirurgia ortogn\u00e1tica, restabelecendo a mordida correta e a est\u00e9tica facial. Ap\u00f3s a cirurgia o ortodontista ir\u00e1 finalizar o tratamento ortod\u00f4ntico e remover o aparelho dos dentes. O tempo total de tratamento ortod\u00f4ntico \u00e9 vari\u00e1vel de paciente para paciente, mas em geral, dura de 1 a 2 anos.<br>\u00a0<br>Atualmente a cirurgia ortogn\u00e1tica independentemente do tipo de deformidade \u00e9 realizada exclusivamente por dentro da boca, com aus\u00eancia de cicatrizes na pele. Um dos principais receios dos pacientes diz respeito a possibilidade de terem que ficar com a boca fechada ou \u201camarrada\u201d no p\u00f3s-operat\u00f3rio. Com o desenvolvimento das t\u00e9cnicas cir\u00fargicas e dos materiais utilizados, a possibilidade de ficar com a boca fechada (bloqueio maxilo-mandibular) \u00e9 extremamente rara, sendo que o paciente sai da cirurgia podendo abrir a boca.<br>\u00a0<br>A Cirurgia Ortogn\u00e1tica vem com o passar do tempo constantemente se atualizando, sendo poss\u00edvel simular resultados p\u00f3s-operat\u00f3rios atrav\u00e9s de um planejamento virtual computadorizado e proporcionar ao paciente uma recupera\u00e7\u00e3o mais r\u00e1pida e tranquila.<br>\u00a0<br>Esta e outras desarmonias faciais podem ser corrigidas atrav\u00e9s da ORTODONTIA juntamente com a CIRURGIA ORTOGN\u00c1TICA, proporcionando ao paciente uma face harm\u00f4nica, sem marcas nem cicatrizes na pele, bem como uma oclus\u00e3o correta entre os dentes superiores e inferiores, repercutindo em um sorriso agrad\u00e1vel e mais natural, al\u00e9m do fato de proporcionar uma mastiga\u00e7\u00e3o mais eficiente e equilibrada. Isto possibilita ao indiv\u00edduo uma melhora consider\u00e1vel em sua qualidade de vida, pelo fato, que com uma face harm\u00f4nica, o conv\u00edvio social das pessoas \u00e9 otimizado, facilitando em muitas circunst\u00e2ncias o sucesso profissional e pessoal.<br><br><a href=\"https:\/\/iovp.com.br\/s\/atm\/\"><mark class=\"has-inline-color has-ast-global-color-0-color\"><strong>Clique aqui e informe-se tamb\u00e9m sobre ATM<\/strong><\/mark><\/a><br><a href=\"https:\/\/iovp.com.br\/s\/ortognatica-2\/\"><mark class=\"has-inline-color has-ast-global-color-0-color\"><strong>Informe-se sobre a Cirurgia Ortogn\u00e1tica Padr\u00e3o II<\/strong><\/mark><\/a><br><a href=\"https:\/\/iovp.com.br\/s\/ortognatica-3\/\"><mark class=\"has-inline-color has-ast-global-color-0-color\"><strong>Informe-se sobre a Cirurgia Ortogn\u00e1tica Padr\u00e3o III<\/strong><\/mark><\/a><\/p><\/div><\/div>\n<\/div><\/div>\n<\/div><\/div><\/section>\n\n\n\n<section id=\"gma39916d\" class=\"wp-block-gutentor-m4 section-gma39916d gutentor-module gutentor-advanced-columns has-color-bg has-custom-bg\"><div class=\"grid-container\"><div class=\"grid-row\">\n<div id=\"col-gm3cb4c6\" class=\"wp-block-gutentor-m4-col col-gm3cb4c6 gutentor-single-column  grid-lg-12 grid-md-12 grid-12\"><div id=\"section-gm3cb4c6\" class=\"section-gm3cb4c6 gutentor-col-wrap\">\n<div id=\"section-g1ae56e\" class=\"wp-block-gutentor-e1 section-g1ae56e gutentor-element gutentor-element-advanced-text text-align-center-desktop text-align-center-tablet text-align-center-mobile\"><div class=\"gutentor-text-wrap\"><h3 class=\"gutentor-text\">Fases da cirurgia ortogn\u00e1tica<\/h3><\/div><\/div>\n\n\n\n<div id=\"section-g45dd2b\" class=\"wp-block-gutentor-e6 section-g45dd2b gutentor-element gutentor-element-image text-align-center-desktop text-align-center-tablet text-align-center-mobile\"><div class=\"gutentor-element-image-box\"><div class=\"gutentor-image-thumb\"><img decoding=\"async\" class=\"normal-image\" src=\"https:\/\/iovp.com.br\/s\/wp-content\/uploads\/2024\/03\/aparelho.jpg\" alt=\"Coloca\u00e7\u00e3o dos el\u00e1sticos faz parte da etapa preparat\u00f3ria para a cirurgia ortogn\u00e1tica.\" \/><\/div><\/div><\/div>\n<\/div><\/div>\n<\/div><\/div><\/section>\n\n\n\n<section id=\"section-01283d4e-f6ab-4078-bebd-c67851b93a39\" class=\"wp-block-gutentor-timeline gutentor-section gutentor-timeline cssanimations timeline-template1 has-color-bg has-custom-bg\"><div class=\"grid-container\"><div class=\"gutentor-block-header\"><div class=\"gutentor-section-title text-center\"><h3 class=\"gutentor-title\">O tratamento \u00e9 realizado em tr\u00eas fases<\/h3><\/div><\/div><div class=\"gutentor-grid-item-wrap\"><div class=\"gutentor-timeline-wrapper\"><div class=\"gutentor-single-item gutentor-single-item-0 gutentor-even\"><div class=\"gutentor-timeline-item\"><div class=\"gutentor-single-item-wrap\"><div class=\"gutentor-timeline-item-circle\"><\/div><div class=\"gutentor-single-item-wrapper\"><div class=\"gutentor-single-item-content gutentor-timeline-item-content\"><div class=\"gutentor-timeline-item-org-title\"><h5 class=\"gutentor-timeline-item-heading-name\">Preparo Cir\u00fargico<\/h5><\/div><p class=\"gutentor-single-item-desc\">Tratamentos necess\u00e1rios para que a cirurgia seja um sucesso. Nessa fase o mais importante \u00e9 o uso do aparelho ortod\u00f4ntico fixo para alinhar e nivelar os dentes al\u00e9m da coordena\u00e7\u00e3o dos arcos dent\u00e1rios superior e inferior.<\/p><\/div><\/div><\/div><\/div><\/div><div class=\"gutentor-single-item gutentor-single-item-1 gutentor-odd\"><div class=\"gutentor-timeline-item\"><div class=\"gutentor-single-item-wrap\"><div class=\"gutentor-timeline-item-circle\"><\/div><div class=\"gutentor-single-item-wrapper\"><div class=\"gutentor-single-item-content gutentor-timeline-item-content\"><div class=\"gutentor-timeline-item-org-title\"><h5 class=\"gutentor-timeline-item-heading-name\">Pr\u00e9-operat\u00f3rio e Fase Cir\u00fargica<\/h5><\/div><p class=\"gutentor-single-item-desc\">S\u00e3o realizados exames pr\u00e9-operat\u00f3rios, exames radiogr\u00e1ficos e avalia\u00e7\u00e3o pr\u00e9-anest\u00e9sica para a realiza\u00e7\u00e3o do ato cir\u00fargico. Ap\u00f3s todos os preparos e avalia\u00e7\u00f5es, partimos para a cirurgia propriamente dita.<\/p><\/div><\/div><\/div><\/div><\/div><div class=\"gutentor-single-item gutentor-single-item-2 gutentor-even\"><div class=\"gutentor-timeline-item\"><div class=\"gutentor-single-item-wrap\"><div class=\"gutentor-timeline-item-circle\"><\/div><div class=\"gutentor-single-item-wrapper\"><div class=\"gutentor-single-item-content gutentor-timeline-item-content\"><div class=\"gutentor-timeline-item-org-title\"><h5 class=\"gutentor-timeline-item-heading-name\">P\u00f3s-Operat\u00f3rio e Finaliza\u00e7\u00e3o Ortod\u00f4ntica<\/h5><\/div><p class=\"gutentor-single-item-desc\">Acompanhamento p\u00f3s cir\u00fargico e posterior realiza\u00e7\u00e3o de pequenas corre\u00e7\u00f5es e finaliza\u00e7\u00e3o ortod\u00f4ntica.\u00a0<\/p><\/div><\/div><\/div><\/div><\/div><\/div><\/div><\/div><\/section>\n\n\n\n<section id=\"gme5f4eab\" class=\"wp-block-gutentor-m4 section-gme5f4eab gutentor-module gutentor-advanced-columns has-color-bg has-custom-bg\"><div class=\"grid-container\"><div class=\"grid-row\">\n<div id=\"col-gm17274d\" class=\"wp-block-gutentor-m4-col col-gm17274d gutentor-single-column  grid-lg-12 grid-md-12 grid-12\"><div id=\"section-gm17274d\" class=\"section-gm17274d gutentor-col-wrap\">\n<div id=\"section-g7ba34c\" class=\"wp-block-gutentor-e1 section-g7ba34c gutentor-element gutentor-element-advanced-text text-align-center-desktop text-align-center-tablet text-align-center-mobile\"><div class=\"gutentor-text-wrap\"><h3 class=\"gutentor-text\">A cirurgia \u00e9 realizada atrav\u00e9s de cortes por dentro da boca que d\u00e3o acesso aos ossos da face e maxilares.<\/h3><\/div><\/div>\n\n\n\n<section id=\"gma4e315d\" class=\"wp-block-gutentor-m4 section-gma4e315d gutentor-module gutentor-advanced-columns\"><div class=\"grid-container\"><div class=\"grid-row\">\n<div id=\"col-gm901c14\" class=\"wp-block-gutentor-m4-col col-gm901c14 gutentor-single-column  grid-lg-6 grid-md-6 grid-12\"><div id=\"section-gm901c14\" class=\"section-gm901c14 gutentor-col-wrap\">\n<div id=\"section-g0d5a5a\" class=\"wp-block-gutentor-e6 section-g0d5a5a gutentor-element gutentor-element-image\"><div class=\"gutentor-element-image-box\"><div class=\"gutentor-image-thumb\"><img decoding=\"async\" class=\"normal-image\" src=\"https:\/\/iovp.com.br\/s\/wp-content\/uploads\/2024\/03\/panoramica.jpg\" alt=\"Raio-x panor\u00e2mica\" \/><\/div><\/div><\/div>\n<\/div><\/div>\n\n\n\n<div id=\"col-gma18a2a\" class=\"wp-block-gutentor-m4-col col-gma18a2a gutentor-single-column  grid-lg-6 grid-md-6 grid-12\"><div id=\"section-gma18a2a\" class=\"section-gma18a2a gutentor-col-wrap\">\n<div id=\"section-ge33b47\" class=\"wp-block-gutentor-e1 section-ge33b47 gutentor-element gutentor-element-advanced-text text-align-justify-desktop text-align-justify-tablet text-align-justify-mobile\"><div class=\"gutentor-text-wrap\"><p class=\"gutentor-text\">Com uma micro-serra s\u00e3o realizadas osteotomias (cortes) nos ossos para que eles possam ser mobilizados e posicionados adequadamente. Atrav\u00e9s de medidas realizadas previamente, os ossos s\u00e3o colocados na posi\u00e7\u00e3o adequada e, por fim, fixados com placas e parafusos de tit\u00e2nio (s\u00e3o biocompat\u00edveis e n\u00e3o provocam rejei\u00e7\u00e3o).&nbsp;<\/p><\/div><\/div>\n\n\n\n<div id=\"section-g9f3fe2\" class=\"wp-block-gutentor-e1 section-g9f3fe2 gutentor-element gutentor-element-advanced-text text-align-justify-desktop text-align-justify-tablet text-align-justify-mobile  d-md-none d-lg-block\"><div class=\"gutentor-text-wrap\"><p class=\"gutentor-text\">As mini-placas permitem uma fixa\u00e7\u00e3o r\u00edgida dos ossos, o que dispensa o bloqueio maxilo-mandibular no p\u00f3s-operat\u00f3rio ( boca travada).&nbsp;<br>Ap\u00f3s o procedimento cir\u00fargico, o paciente fica em m\u00e9dia no hospital de 02 a 03 dias em observa\u00e7\u00e3o hospitalar.<br>Os pontos s\u00e3o na maioria das vezes reabsorv\u00edveis, n\u00e3o sendo necess\u00e1ria a retirada. Recomenda-se alimenta\u00e7\u00e3o l\u00edquida e pastosa, durante, aproximadamente 55 dias, pois o paciente n\u00e3o pode mastigar neste per\u00edodo.<\/p><\/div><\/div>\n<\/div><\/div>\n<\/div><\/div><\/section>\n\n\n\n<div id=\"section-g967af3\" class=\"wp-block-gutentor-e1 section-g967af3 gutentor-element gutentor-element-advanced-text text-align-justify-desktop text-align-justify-tablet text-align-justify-mobile d-lg-none d-none d-md-block\"><div class=\"gutentor-text-wrap\"><p class=\"gutentor-text\">As mini-placas permitem uma fixa\u00e7\u00e3o r\u00edgida dos ossos, o que dispensa o bloqueio maxilo-mandibular no p\u00f3s-operat\u00f3rio ( boca travada).&nbsp;<br>Ap\u00f3s o procedimento cir\u00fargico, o paciente fica em m\u00e9dia no hospital de 02 a 03 dias em observa\u00e7\u00e3o hospitalar.<br>Os pontos s\u00e3o na maioria das vezes reabsorv\u00edveis, n\u00e3o sendo necess\u00e1ria a retirada. Recomenda-se alimenta\u00e7\u00e3o l\u00edquida e pastosa, durante, aproximadamente 55 dias, pois o paciente n\u00e3o pode mastigar neste per\u00edodo.<\/p><\/div><\/div>\n<\/div><\/div>\n<\/div><\/div><\/section>\n","protected":false},"excerpt":{"rendered":"","protected":false},"author":2,"featured_media":0,"parent":0,"menu_order":2,"comment_status":"closed","ping_status":"closed","template":"","meta":{"_crdt_document":"","inline_featured_image":false,"_uag_custom_page_level_css":"","site-sidebar-layout":"default","site-content-layout":"","ast-site-content-layout":"full-width-container","site-content-style":"unboxed","site-sidebar-style":"default","ast-global-header-display":"","ast-banner-title-visibility":"","ast-main-header-display":"","ast-hfb-above-header-display":"","ast-hfb-below-header-display":"","ast-hfb-mobile-header-display":"","site-post-title":"disabled","ast-breadcrumbs-content":"","ast-featured-img":"","footer-sml-layout":"","ast-disable-related-posts":"","theme-transparent-header-meta":"","adv-header-id-meta":"","stick-header-meta":"","header-above-stick-meta":"","header-main-stick-meta":"","header-below-stick-meta":"","astra-migrate-meta-layouts":"set","ast-page-background-enabled":"default","ast-page-background-meta":{"desktop":{"background-color":"var(--ast-global-color-4)","background-image":"","background-repeat":"repeat","background-position":"center center","background-size":"auto","background-attachment":"scroll","background-type":"","background-media":"","overlay-type":"","overlay-color":"","overlay-opacity":"","overlay-gradient":""},"tablet":{"background-color":"","background-image":"","background-repeat":"repeat","background-position":"center center","background-size":"auto","background-attachment":"scroll","background-type":"","background-media":"","overlay-type":"","overlay-color":"","overlay-opacity":"","overlay-gradient":""},"mobile":{"background-color":"","background-image":"","background-repeat":"repeat","background-position":"center center","background-size":"auto","background-attachment":"scroll","background-type":"","background-media":"","overlay-type":"","overlay-color":"","overlay-opacity":"","overlay-gradient":""}},"ast-content-background-meta":{"desktop":{"background-color":"var(--ast-global-color-5)","background-image":"","background-repeat":"repeat","background-position":"center center","background-size":"auto","background-attachment":"scroll","background-type":"","background-media":"","overlay-type":"","overlay-color":"","overlay-opacity":"","overlay-gradient":""},"tablet":{"background-color":"var(--ast-global-color-5)","background-image":"","background-repeat":"repeat","background-position":"center center","background-size":"auto","background-attachment":"scroll","background-type":"","background-media":"","overlay-type":"","overlay-color":"","overlay-opacity":"","overlay-gradient":""},"mobile":{"background-color":"var(--ast-global-color-5)","background-image":"","background-repeat":"repeat","background-position":"center center","background-size":"auto","background-attachment":"scroll","background-type":"","background-media":"","overlay-type":"","overlay-color":"","overlay-opacity":"","overlay-gradient":""}},"footnotes":""},"class_list":["post-1612","page","type-page","status-publish","hentry"],"uagb_featured_image_src":{"full":false,"thumbnail":false,"medium":false,"medium_large":false,"large":false,"1536x1536":false,"2048x2048":false},"uagb_author_info":{"display_name":"Sidnei Diniz","author_link":"https:\/\/iovp.com.br\/s\/author\/diniz\/"},"uagb_comment_info":0,"uagb_excerpt":null,"_links":{"self":[{"href":"https:\/\/iovp.com.br\/s\/wp-json\/wp\/v2\/pages\/1612","targetHints":{"allow":["GET"]}}],"collection":[{"href":"https:\/\/iovp.com.br\/s\/wp-json\/wp\/v2\/pages"}],"about":[{"href":"https:\/\/iovp.com.br\/s\/wp-json\/wp\/v2\/types\/page"}],"author":[{"embeddable":true,"href":"https:\/\/iovp.com.br\/s\/wp-json\/wp\/v2\/users\/2"}],"replies":[{"embeddable":true,"href":"https:\/\/iovp.com.br\/s\/wp-json\/wp\/v2\/comments?post=1612"}],"version-history":[{"count":15,"href":"https:\/\/iovp.com.br\/s\/wp-json\/wp\/v2\/pages\/1612\/revisions"}],"predecessor-version":[{"id":2326,"href":"https:\/\/iovp.com.br\/s\/wp-json\/wp\/v2\/pages\/1612\/revisions\/2326"}],"wp:attachment":[{"href":"https:\/\/iovp.com.br\/s\/wp-json\/wp\/v2\/media?parent=1612"}],"curies":[{"name":"wp","href":"https:\/\/api.w.org\/{rel}","templated":true}]}}