{"id":1345,"date":"2024-03-30T08:04:05","date_gmt":"2024-03-30T11:04:05","guid":{"rendered":"https:\/\/iovp.com.br\/s\/?page_id=1345"},"modified":"2024-04-10T23:12:57","modified_gmt":"2024-04-11T02:12:57","slug":"planejamento-virtual","status":"publish","type":"page","link":"https:\/\/iovp.com.br\/s\/planejamento-virtual\/","title":{"rendered":"planejamento virtual"},"content":{"rendered":"\n<section id=\"gm32401df\" class=\"wp-block-gutentor-m4 alignfull section-gm32401df gutentor-module gutentor-advanced-columns has-image-bg has-custom-bg has-gutentor-overlay\"><div class=\"grid-container\"><div class=\"grid-row\">\n<div id=\"col-gm01f285\" class=\"wp-block-gutentor-m4-col col-gm01f285 gutentor-single-column  grid-lg-12 grid-md-12 grid-12\"><div id=\"section-gm01f285\" class=\"section-gm01f285 gutentor-col-wrap\">\n<div id=\"section-ge8c46a\" class=\"wp-block-gutentor-e1 section-ge8c46a gutentor-element gutentor-element-advanced-text wow zoomIn text-align-center-desktop text-align-center-tablet text-align-center-mobile\" data-wow-animation=\"zoomIn\"><div class=\"gutentor-text-wrap\"><h1 class=\"gutentor-text\">Planejamento Virtual<\/h1><\/div><\/div>\n<\/div><\/div>\n<\/div><\/div><\/section>\n\n\n\n<section id=\"gme7694bc\" class=\"wp-block-gutentor-m4 alignfull section-gme7694bc gutentor-module gutentor-advanced-columns has-color-bg has-custom-bg\"><div class=\"grid-container\"><div class=\"grid-row\">\n<div id=\"col-gmf778f3\" class=\"wp-block-gutentor-m4-col col-gmf778f3 gutentor-single-column  grid-lg-12 grid-md-12 grid-12\"><div id=\"section-gmf778f3\" class=\"section-gmf778f3 gutentor-col-wrap\">\n<div id=\"section-g0151cc\" class=\"wp-block-gutentor-e1 section-g0151cc gutentor-element gutentor-element-advanced-text text-align-center-desktop text-align-center-tablet text-align-center-mobile\"><div class=\"gutentor-text-wrap\"><h1 class=\"gutentor-text\"> Tratamento Ortocir\u00fargico e Planejamento Virtual: Rumo \u00e0 Precis\u00e3o e Est\u00e9tica Facial<\/h1><\/div><\/div>\n\n\n\n<div id=\"section-g8fff64\" class=\"wp-block-gutentor-e1 section-g8fff64 gutentor-element gutentor-element-advanced-text text-align-center-desktop text-align-center-tablet text-align-center-mobile\"><div class=\"gutentor-text-wrap\"><h2 class=\"gutentor-text\"><br>Cada vez mais, os pacientes desejam visualizar previamente os resultados potenciais de uma cirurgia, destacando a import\u00e2ncia de selecionar o tratamento mais adequado para alcan\u00e7ar os resultados desejados.<\/h2><\/div><\/div>\n<\/div><\/div>\n<\/div><\/div><\/section>\n\n\n\n<section id=\"section-ec85425b-fc2b-4d37-a2fa-e9563ad67fb3\" class=\"wp-block-gutentor-about-block gutentor-section gutentor-about about-template1 has-color-bg has-custom-bg\"><div class=\"grid-container\"><div class=\"gutentor-grid-item-wrap\"><div class=\"gutentor-single-item\"><div class=\"grid-row\"><div class=\"grid-md-6 about-grid\"><div class=\"gutentor-single-item-image-box\"><div class=\"gutentor-image-thumb\"><img decoding=\"async\" class=\"normal-image\" src=\"https:\/\/iovp.com.br\/s\/wp-content\/uploads\/2024\/03\/3d-mockup.png\" alt=\"Planejamento virtual Dolphin\" height=\"363\" width=\"600\" \/><\/div><\/div><\/div><div class=\"grid-md-6 about-grid\"><div class=\"gutentor-single-item-content\"><div class=\"gutentor-about-content\"><h3 class=\"gutentor-single-item-title\"><strong>O planejamento virtual possibilita visualizar com anteced\u00eancia os resultados<\/strong><\/h3><p class=\"gutentor-single-item-desc\">Os objetivos primordiais do tratamento ortocir\u00fargico s\u00e3o estabelecer uma oclus\u00e3o funcional e est\u00e1vel, resultando em uma melhoria significativa na est\u00e9tica facial. Com o avan\u00e7o dos m\u00e9todos de diagn\u00f3stico e planejamento, as mudan\u00e7as est\u00e9ticas e funcionais tornaram-se mais previs\u00edveis e precisas. O planejamento virtual permite que tanto o cirurgi\u00e3o quanto o paciente visualizem com precis\u00e3o e anteced\u00eancia as escolhas de tratamento mais favor\u00e1veis \u00e0s propor\u00e7\u00f5es faciais e \u00e0 corre\u00e7\u00e3o oclusal, reduzindo assim o medo associado \u00e0 cirurgia.<\/p><\/div><\/div><\/div><\/div><\/div><\/div><\/div><\/section>\n\n\n\n<section id=\"section-d053105c-dd1e-4de0-8c7c-7c38b9d133c7\" class=\"wp-block-gutentor-about-block gutentor-section gutentor-about about-template1 has-color-bg has-custom-bg\"><div class=\"grid-container\"><div class=\"gutentor-grid-item-wrap\"><div class=\"gutentor-single-item\"><div class=\"grid-row\"><div class=\"grid-md-6 about-grid\"><div class=\"gutentor-single-item-image-box\"><div class=\"gutentor-image-thumb\"><img decoding=\"async\" class=\"normal-image\" src=\"https:\/\/iovp.com.br\/s\/wp-content\/uploads\/2024\/03\/dolphin-1.jpg\" alt=\"Sistema Dolphin\" height=\"363\" width=\"600\" \/><\/div><\/div><\/div><div class=\"grid-md-6 about-grid\"><div class=\"gutentor-single-item-content\"><div class=\"gutentor-about-content\"><h3 class=\"gutentor-single-item-title\">A Cirurgia 3D  possibilita uma cirurgia precisa baseada em modelos virtuais.<\/h3><p class=\"gutentor-single-item-desc\">A Cirurgia 3D \u00e9 uma ferramenta abrangente para o planejamento e apresenta\u00e7\u00e3o de casos, possibilitando a visualiza\u00e7\u00e3o em tempo real das altera\u00e7\u00f5es esquel\u00e9ticas e faciais do paciente, e a cria\u00e7\u00e3o de um guia cir\u00fargico preciso. Compat\u00edvel com dados DICOM 3D, modelos virtuais e fotografia facial opcional, essa ferramenta integra diversas fontes, incluindo tomografias computadorizadas de feixe c\u00f4nico e espirais. Quando combinada com escaneamentos intraorais ou modelos eletr\u00f4nicos, ela possibilita uma cirurgia precisa baseada em modelos virtuais.<\/p><\/div><\/div><\/div><\/div><\/div><\/div><\/div><\/section>\n\n\n\n<section id=\"gm39645e6\" class=\"wp-block-gutentor-m4 section-gm39645e6 gutentor-module gutentor-advanced-columns has-color-bg has-custom-bg\"><div class=\"grid-container\"><div class=\"grid-row\">\n<div id=\"col-gm1b8e5c\" class=\"wp-block-gutentor-m4-col col-gm1b8e5c gutentor-single-column  grid-lg-12 grid-md-12 grid-12\"><div id=\"section-gm1b8e5c\" class=\"section-gm1b8e5c gutentor-col-wrap\">\n<div id=\"section-ge9a7e1\" class=\"wp-block-gutentor-e1 section-ge9a7e1 gutentor-element gutentor-element-advanced-text text-align-center-desktop text-align-center-tablet text-align-center-mobile\"><div class=\"gutentor-text-wrap\"><h3 class=\"gutentor-text\"> <strong>O software Dolphin Imaging \u00e9 um dispositivo m\u00e9dico Classe II aprovado pela FDA<\/strong><\/h3><\/div><\/div>\n\n\n\n<div id=\"section-ged3445\" class=\"wp-block-gutentor-e1 section-ged3445 gutentor-element gutentor-element-advanced-text text-align-justify-desktop text-align-center-tablet text-align-center-mobile\"><div class=\"gutentor-text-wrap\"><p class=\"gutentor-text\"><br><strong>Implanner<\/strong>&nbsp;\u00e9 um software poderoso e f\u00e1cil de usar para planejar procedimentos de implantes. O Implanner permite auxiliar na avalia\u00e7\u00e3o de casos, criar planos de tratamento individualizados, facilitar a educa\u00e7\u00e3o do paciente, gerar documenta\u00e7\u00e3o precisa e agilizar a comunica\u00e7\u00e3o. O ImPlanner simula a coloca\u00e7\u00e3o do implante e procedimentos relacionados usando a radiografia do paciente.<\/p><\/div><\/div>\n\n\n\n<div id=\"section-g255a69\" class=\"wp-block-gutentor-e6 section-g255a69 gutentor-element gutentor-element-image text-align-center-desktop text-align-center-tablet text-align-center-mobile\"><div class=\"gutentor-element-image-box\"><a class=\"gutentor-element-image-link\" href=\"https:\/\/www.dolphinimaging.com\/\" target=\"_blank\" rel=\"noopener noreferrer\"><div class=\"gutentor-image-thumb\"><img decoding=\"async\" class=\"normal-image\" src=\"https:\/\/iovp.com.br\/s\/wp-content\/uploads\/2024\/03\/dolphinLogo_indexImage-194w.webp\" alt=\"Sistema Dolphin\" \/><\/div><\/a><\/div><\/div>\n<\/div><\/div>\n<\/div><\/div><\/section>\n","protected":false},"excerpt":{"rendered":"","protected":false},"author":2,"featured_media":0,"parent":0,"menu_order":4,"comment_status":"closed","ping_status":"closed","template":"","meta":{"_crdt_document":"","inline_featured_image":false,"_uag_custom_page_level_css":"","site-sidebar-layout":"default","site-content-layout":"","ast-site-content-layout":"full-width-container","site-content-style":"unboxed","site-sidebar-style":"default","ast-global-header-display":"","ast-banner-title-visibility":"","ast-main-header-display":"","ast-hfb-above-header-display":"","ast-hfb-below-header-display":"","ast-hfb-mobile-header-display":"","site-post-title":"disabled","ast-breadcrumbs-content":"","ast-featured-img":"","footer-sml-layout":"","ast-disable-related-posts":"","theme-transparent-header-meta":"enabled","adv-header-id-meta":"","stick-header-meta":"","header-above-stick-meta":"","header-main-stick-meta":"","header-below-stick-meta":"","astra-migrate-meta-layouts":"set","ast-page-background-enabled":"default","ast-page-background-meta":{"desktop":{"background-color":"var(--ast-global-color-4)","background-image":"","background-repeat":"repeat","background-position":"center center","background-size":"auto","background-attachment":"scroll","background-type":"","background-media":"","overlay-type":"","overlay-color":"","overlay-opacity":"","overlay-gradient":""},"tablet":{"background-color":"","background-image":"","background-repeat":"repeat","background-position":"center center","background-size":"auto","background-attachment":"scroll","background-type":"","background-media":"","overlay-type":"","overlay-color":"","overlay-opacity":"","overlay-gradient":""},"mobile":{"background-color":"","background-image":"","background-repeat":"repeat","background-position":"center center","background-size":"auto","background-attachment":"scroll","background-type":"","background-media":"","overlay-type":"","overlay-color":"","overlay-opacity":"","overlay-gradient":""}},"ast-content-background-meta":{"desktop":{"background-color":"var(--ast-global-color-5)","background-image":"","background-repeat":"repeat","background-position":"center center","background-size":"auto","background-attachment":"scroll","background-type":"","background-media":"","overlay-type":"","overlay-color":"","overlay-opacity":"","overlay-gradient":""},"tablet":{"background-color":"var(--ast-global-color-5)","background-image":"","background-repeat":"repeat","background-position":"center center","background-size":"auto","background-attachment":"scroll","background-type":"","background-media":"","overlay-type":"","overlay-color":"","overlay-opacity":"","overlay-gradient":""},"mobile":{"background-color":"var(--ast-global-color-5)","background-image":"","background-repeat":"repeat","background-position":"center center","background-size":"auto","background-attachment":"scroll","background-type":"","background-media":"","overlay-type":"","overlay-color":"","overlay-opacity":"","overlay-gradient":""}},"footnotes":""},"class_list":["post-1345","page","type-page","status-publish","hentry"],"uagb_featured_image_src":{"full":false,"thumbnail":false,"medium":false,"medium_large":false,"large":false,"1536x1536":false,"2048x2048":false},"uagb_author_info":{"display_name":"Sidnei Diniz","author_link":"https:\/\/iovp.com.br\/s\/author\/diniz\/"},"uagb_comment_info":0,"uagb_excerpt":null,"_links":{"self":[{"href":"https:\/\/iovp.com.br\/s\/wp-json\/wp\/v2\/pages\/1345","targetHints":{"allow":["GET"]}}],"collection":[{"href":"https:\/\/iovp.com.br\/s\/wp-json\/wp\/v2\/pages"}],"about":[{"href":"https:\/\/iovp.com.br\/s\/wp-json\/wp\/v2\/types\/page"}],"author":[{"embeddable":true,"href":"https:\/\/iovp.com.br\/s\/wp-json\/wp\/v2\/users\/2"}],"replies":[{"embeddable":true,"href":"https:\/\/iovp.com.br\/s\/wp-json\/wp\/v2\/comments?post=1345"}],"version-history":[{"count":27,"href":"https:\/\/iovp.com.br\/s\/wp-json\/wp\/v2\/pages\/1345\/revisions"}],"predecessor-version":[{"id":1948,"href":"https:\/\/iovp.com.br\/s\/wp-json\/wp\/v2\/pages\/1345\/revisions\/1948"}],"wp:attachment":[{"href":"https:\/\/iovp.com.br\/s\/wp-json\/wp\/v2\/media?parent=1345"}],"curies":[{"name":"wp","href":"https:\/\/api.w.org\/{rel}","templated":true}]}}